{"id":50,"date":"2025-06-18T05:55:59","date_gmt":"2025-06-18T10:55:59","guid":{"rendered":"https:\/\/www.fesc.edu.co\/micrositios\/analiticadedatos\/?page_id=50"},"modified":"2026-02-25T23:00:54","modified_gmt":"2026-02-26T04:00:54","slug":"plan-de-estudios","status":"publish","type":"page","link":"https:\/\/www.fesc.edu.co\/micrositios\/analiticadedatos\/plan-de-estudios\/","title":{"rendered":"Plan de est\u00fadios"},"content":{"rendered":"\t\t<div data-elementor-type=\"wp-page\" data-elementor-id=\"50\" class=\"elementor elementor-50\" data-elementor-post-type=\"page\">\n\t\t\t\t<div class=\"elementor-element elementor-element-8c35bc0 e-con-full e-flex e-con e-parent\" data-id=\"8c35bc0\" data-element_type=\"container\" data-e-type=\"container\">\n\t\t\t\t<div class=\"elementor-element elementor-element-b5a8c0a elementor-arrows-position-inside elementor-pagination-position-outside elementor-widget elementor-widget-image-carousel\" data-id=\"b5a8c0a\" data-element_type=\"widget\" data-e-type=\"widget\" data-settings=\"{&quot;slides_to_show&quot;:&quot;1&quot;,&quot;navigation&quot;:&quot;both&quot;,&quot;autoplay&quot;:&quot;yes&quot;,&quot;pause_on_hover&quot;:&quot;yes&quot;,&quot;pause_on_interaction&quot;:&quot;yes&quot;,&quot;autoplay_speed&quot;:5000,&quot;infinite&quot;:&quot;yes&quot;,&quot;effect&quot;:&quot;slide&quot;,&quot;speed&quot;:500}\" data-widget_type=\"image-carousel.default\">\n\t\t\t\t<div class=\"elementor-widget-container\">\n\t\t\t\t\t\t\t<div class=\"elementor-image-carousel-wrapper swiper\" role=\"region\" aria-roledescription=\"carousel\" aria-label=\"Carrusel de im\u00e1genes\" dir=\"ltr\">\n\t\t\t<div class=\"elementor-image-carousel swiper-wrapper swiper-image-stretch\" aria-live=\"off\">\n\t\t\t\t\t\t\t\t<div class=\"swiper-slide\" role=\"group\" aria-roledescription=\"slide\" aria-label=\"1 de 1\"><figure class=\"swiper-slide-inner\"><img decoding=\"async\" class=\"swiper-slide-image\" src=\"https:\/\/www.fesc.edu.co\/micrositios\/analiticadedatos\/wp-content\/uploads\/sites\/25\/2026\/02\/especializacion_cucuta_GestionPublica-01.jpg\" alt=\"especializacion_cucuta_GestionPublica-01\" \/><\/figure><\/div>\t\t\t<\/div>\n\t\t\t\t\t<\/div>\n\t\t\t\t\t\t<\/div>\n\t\t\t\t<\/div>\n\t\t\t\t<\/div>\n\t\t<div class=\"elementor-element elementor-element-d03a590 elementor-hidden-mobile e-flex e-con-boxed e-con e-parent\" data-id=\"d03a590\" data-element_type=\"container\" data-e-type=\"container\">\n\t\t\t\t\t<div class=\"e-con-inner\">\n\t\t<div class=\"elementor-element elementor-element-9ebbcc2 e-con-full e-flex e-con e-child\" data-id=\"9ebbcc2\" data-element_type=\"container\" data-e-type=\"container\">\n\t\t\t\t<div class=\"elementor-element elementor-element-efd3734 elementor-widget elementor-widget-image\" data-id=\"efd3734\" data-element_type=\"widget\" data-e-type=\"widget\" data-widget_type=\"image.default\">\n\t\t\t\t<div class=\"elementor-widget-container\">\n\t\t\t\t\t\t\t\t\t\t\t\t\t\t\t\t<a href=\"https:\/\/www.fesc.edu.co\/micrositios\/analiticadedatos\">\n\t\t\t\t\t\t\t<img decoding=\"async\" width=\"111\" height=\"111\" src=\"https:\/\/www.fesc.edu.co\/micrositios\/analiticadedatos\/wp-content\/uploads\/sites\/25\/2026\/02\/especializacion_cucuta_GestionPublica-03.png\" class=\"attachment-large size-large wp-image-356\" alt=\"\" style=\"width:100%;height:100%;max-width:111px\" \/>\t\t\t\t\t\t\t\t<\/a>\n\t\t\t\t\t\t\t\t\t\t\t\t\t\t\t<\/div>\n\t\t\t\t<\/div>\n\t\t\t\t<div class=\"elementor-element elementor-element-fde03b1 elementor-widget elementor-widget-text-editor\" data-id=\"fde03b1\" data-element_type=\"widget\" data-e-type=\"widget\" data-widget_type=\"text-editor.default\">\n\t\t\t\t<div class=\"elementor-widget-container\">\n\t\t\t\t\t\t\t\t\t<p><strong>Programa<\/strong><\/p>\t\t\t\t\t\t\t\t<\/div>\n\t\t\t\t<\/div>\n\t\t\t\t<\/div>\n\t\t<div class=\"elementor-element elementor-element-4a9c64b e-con-full e-flex e-con e-child\" data-id=\"4a9c64b\" data-element_type=\"container\" data-e-type=\"container\">\n\t\t\t\t<div class=\"elementor-element elementor-element-f8d7909 elementor-widget elementor-widget-image\" data-id=\"f8d7909\" data-element_type=\"widget\" data-e-type=\"widget\" data-widget_type=\"image.default\">\n\t\t\t\t<div class=\"elementor-widget-container\">\n\t\t\t\t\t\t\t\t\t\t\t\t\t\t\t\t<a href=\"https:\/\/www.fesc.edu.co\/micrositios\/analiticadedatos\/plan-de-estudios\/\">\n\t\t\t\t\t\t\t<img decoding=\"async\" width=\"111\" height=\"111\" src=\"https:\/\/www.fesc.edu.co\/micrositios\/analiticadedatos\/wp-content\/uploads\/sites\/25\/2026\/02\/especializacion_cucuta_GestionPublica-02.png\" class=\"attachment-large size-large wp-image-355\" alt=\"\" style=\"width:100%;height:100%;max-width:111px\" \/>\t\t\t\t\t\t\t\t<\/a>\n\t\t\t\t\t\t\t\t\t\t\t\t\t\t\t<\/div>\n\t\t\t\t<\/div>\n\t\t\t\t<div class=\"elementor-element elementor-element-37cfe30 elementor-widget elementor-widget-text-editor\" data-id=\"37cfe30\" data-element_type=\"widget\" data-e-type=\"widget\" data-widget_type=\"text-editor.default\">\n\t\t\t\t<div class=\"elementor-widget-container\">\n\t\t\t\t\t\t\t\t\t<p><strong>Plan de Estudios<\/strong><\/p>\t\t\t\t\t\t\t\t<\/div>\n\t\t\t\t<\/div>\n\t\t\t\t<\/div>\n\t\t<div class=\"elementor-element elementor-element-131cb7b e-con-full e-flex e-con e-child\" data-id=\"131cb7b\" data-element_type=\"container\" data-e-type=\"container\">\n\t\t\t\t<div class=\"elementor-element elementor-element-3574ca2 elementor-widget elementor-widget-image\" data-id=\"3574ca2\" data-element_type=\"widget\" data-e-type=\"widget\" data-widget_type=\"image.default\">\n\t\t\t\t<div class=\"elementor-widget-container\">\n\t\t\t\t\t\t\t\t\t\t\t\t\t\t\t\t<a href=\"https:\/\/www.fesc.edu.co\/micrositios\/analiticadedatos\/contacto\/\">\n\t\t\t\t\t\t\t<img decoding=\"async\" width=\"111\" height=\"111\" src=\"https:\/\/www.fesc.edu.co\/micrositios\/analiticadedatos\/wp-content\/uploads\/sites\/25\/2026\/02\/especializacion_cucuta_GestionPublica-04.png\" class=\"attachment-large size-large wp-image-357\" alt=\"\" style=\"width:100%;height:100%;max-width:111px\" \/>\t\t\t\t\t\t\t\t<\/a>\n\t\t\t\t\t\t\t\t\t\t\t\t\t\t\t<\/div>\n\t\t\t\t<\/div>\n\t\t\t\t<div class=\"elementor-element elementor-element-388ff03 elementor-widget elementor-widget-text-editor\" data-id=\"388ff03\" data-element_type=\"widget\" data-e-type=\"widget\" data-widget_type=\"text-editor.default\">\n\t\t\t\t<div class=\"elementor-widget-container\">\n\t\t\t\t\t\t\t\t\t<p><strong>Contacto<\/strong><\/p>\t\t\t\t\t\t\t\t<\/div>\n\t\t\t\t<\/div>\n\t\t\t\t<\/div>\n\t\t\t\t\t<\/div>\n\t\t\t\t<\/div>\n\t\t\t\t<section class=\"elementor-section elementor-top-section elementor-element elementor-element-ea4fcdd elementor-hidden-tablet elementor-section-boxed elementor-section-height-default elementor-section-height-default\" data-id=\"ea4fcdd\" data-element_type=\"section\" data-e-type=\"section\">\n\t\t\t\t\t\t<div class=\"elementor-container elementor-column-gap-default\">\n\t\t\t\t\t<div class=\"elementor-column elementor-col-100 elementor-top-column elementor-element elementor-element-691e893\" data-id=\"691e893\" data-element_type=\"column\" data-e-type=\"column\">\n\t\t\t<div class=\"elementor-widget-wrap elementor-element-populated\">\n\t\t\t\t\t\t<div class=\"elementor-element elementor-element-29bd895 elementor-hidden-desktop elementor-hidden-tablet elementor-widget elementor-widget-html\" data-id=\"29bd895\" data-element_type=\"widget\" data-e-type=\"widget\" data-widget_type=\"html.default\">\n\t\t\t\t<div class=\"elementor-widget-container\">\n\t\t\t\t\t<div class=\"MN\">\n    <a href=\"https:\/\/www.fesc.edu.co\/micrositios\/analiticadedatos\/\"><img decoding=\"async\" src=\"https:\/\/www.fesc.edu.co\/micrositios\/analiticadedatos\/wp-content\/uploads\/sites\/25\/2025\/06\/programa.png\">Programa<\/a>\n    <a href=\"https:\/\/www.fesc.edu.co\/micrositios\/analiticadedatos\/plan-de-estudios\/\"><img decoding=\"async\" src=\"https:\/\/www.fesc.edu.co\/micrositios\/analiticadedatos\/wp-content\/uploads\/sites\/25\/2025\/06\/hover_plan-de-estudio.png\">Plan de estudios<\/a>\n    \n    <!--<a href=\"https:\/\/www.fesc.edu.co\/micrositios\/gestionpublica\/docentes\/\"><img decoding=\"async\" src=\"https:\/\/www.fesc.edu.co\/micrositios\/gestionpublica\/wp-content\/uploads\/sites\/24\/2025\/04\/docentes.png\">Docentes<\/a> !-->\n    \n    \n    <!--\n    <a href=\"https:\/\/www.fesc.edu.co\/micrositios\/gestionpublica\/novedades\/\"><img decoding=\"async\" src=\"https:\/\/www.fesc.edu.co\/micrositios\/gestionpublica\/wp-content\/uploads\/sites\/24\/2025\/04\/novedades.png\">Novedades<\/a> !-->\n    <a href=\"https:\/\/www.fesc.edu.co\/micrositios\/analiticadedatos\/contacto\/\"><img decoding=\"async\" src=\"https:\/\/www.fesc.edu.co\/micrositios\/analiticadedatos\/wp-content\/uploads\/sites\/25\/2025\/06\/contacto.png\">Contacto<\/a>\n    \n<\/div>\n\n<style>\n    .MN{\n        margin: 2%;\n        display: grid;\n        grid-template-columns: 2fr 2fr;\n        row-gap: 10px;\n        font-size: 12px;\n    }\n    .MN img{\n        width: 20%;\n    }\n<\/style>\t\t\t\t<\/div>\n\t\t\t\t<\/div>\n\t\t\t\t\t<\/div>\n\t\t<\/div>\n\t\t\t\t\t<\/div>\n\t\t<\/section>\n\t\t<div class=\"elementor-element elementor-element-60c513f e-flex e-con-boxed e-con e-parent\" data-id=\"60c513f\" data-element_type=\"container\" data-e-type=\"container\">\n\t\t\t\t\t<div class=\"e-con-inner\">\n\t\t\t\t<div class=\"elementor-element elementor-element-ba64e37 elementor-widget elementor-widget-heading\" data-id=\"ba64e37\" data-element_type=\"widget\" data-e-type=\"widget\" data-widget_type=\"heading.default\">\n\t\t\t\t<div class=\"elementor-widget-container\">\n\t\t\t\t\t<h2 class=\"elementor-heading-title elementor-size-default\">Plan de Estudios\n<\/h2>\t\t\t\t<\/div>\n\t\t\t\t<\/div>\n\t\t\t\t\t<\/div>\n\t\t\t\t<\/div>\n\t\t<div class=\"elementor-element elementor-element-ec29e69 e-flex e-con-boxed e-con e-parent\" data-id=\"ec29e69\" data-element_type=\"container\" data-e-type=\"container\">\n\t\t\t\t\t<div class=\"e-con-inner\">\n\t\t\t\t<div class=\"elementor-element elementor-element-12bcc79 elementor-widget elementor-widget-image\" data-id=\"12bcc79\" data-element_type=\"widget\" data-e-type=\"widget\" data-widget_type=\"image.default\">\n\t\t\t\t<div class=\"elementor-widget-container\">\n\t\t\t\t\t\t\t\t\t\t\t\t\t\t\t\t<a href=\"https:\/\/www.fesc.edu.co\/micrositios\/analiticadedatos\/wp-content\/uploads\/sites\/25\/2026\/01\/PLAN-DE-ESTUDIO-FESC-ESPECIALIZACION-ANALITICA-DE-DATOS.jpg\" data-elementor-open-lightbox=\"yes\" data-elementor-lightbox-title=\"PLAN-DE-ESTUDIO-FESC-ESPECIALIZACIO\u0301N-ANALITICA-DE-DATOS\" data-e-action-hash=\"#elementor-action%3Aaction%3Dlightbox%26settings%3DeyJpZCI6MzM1LCJ1cmwiOiJodHRwczpcL1wvd3d3LmZlc2MuZWR1LmNvXC9taWNyb3NpdGlvc1wvYW5hbGl0aWNhZGVkYXRvc1wvd3AtY29udGVudFwvdXBsb2Fkc1wvc2l0ZXNcLzI1XC8yMDI2XC8wMVwvUExBTi1ERS1FU1RVRElPLUZFU0MtRVNQRUNJQUxJWkFDSU9OLUFOQUxJVElDQS1ERS1EQVRPUy5qcGcifQ%3D%3D\">\n\t\t\t\t\t\t\t<img loading=\"lazy\" decoding=\"async\" width=\"1718\" height=\"1430\" src=\"https:\/\/www.fesc.edu.co\/micrositios\/analiticadedatos\/wp-content\/uploads\/sites\/25\/2026\/01\/PLAN-DE-ESTUDIO-FESC-ESPECIALIZACION-ANALITICA-DE-DATOS.jpg\" class=\"attachment-full size-full wp-image-335\" alt=\"\" srcset=\"https:\/\/www.fesc.edu.co\/micrositios\/analiticadedatos\/wp-content\/uploads\/sites\/25\/2026\/01\/PLAN-DE-ESTUDIO-FESC-ESPECIALIZACION-ANALITICA-DE-DATOS.jpg 1718w, https:\/\/www.fesc.edu.co\/micrositios\/analiticadedatos\/wp-content\/uploads\/sites\/25\/2026\/01\/PLAN-DE-ESTUDIO-FESC-ESPECIALIZACION-ANALITICA-DE-DATOS-300x250.jpg 300w, https:\/\/www.fesc.edu.co\/micrositios\/analiticadedatos\/wp-content\/uploads\/sites\/25\/2026\/01\/PLAN-DE-ESTUDIO-FESC-ESPECIALIZACION-ANALITICA-DE-DATOS-1024x852.jpg 1024w, https:\/\/www.fesc.edu.co\/micrositios\/analiticadedatos\/wp-content\/uploads\/sites\/25\/2026\/01\/PLAN-DE-ESTUDIO-FESC-ESPECIALIZACION-ANALITICA-DE-DATOS-768x639.jpg 768w, https:\/\/www.fesc.edu.co\/micrositios\/analiticadedatos\/wp-content\/uploads\/sites\/25\/2026\/01\/PLAN-DE-ESTUDIO-FESC-ESPECIALIZACION-ANALITICA-DE-DATOS-1536x1279.jpg 1536w, https:\/\/www.fesc.edu.co\/micrositios\/analiticadedatos\/wp-content\/uploads\/sites\/25\/2026\/01\/PLAN-DE-ESTUDIO-FESC-ESPECIALIZACION-ANALITICA-DE-DATOS-1568x1305.jpg 1568w\" sizes=\"(max-width: 1718px) 100vw, 1718px\" style=\"width:100%;height:83.24%;max-width:1718px\" \/>\t\t\t\t\t\t\t\t<\/a>\n\t\t\t\t\t\t\t\t\t\t\t\t\t\t\t<\/div>\n\t\t\t\t<\/div>\n\t\t\t\t\t<\/div>\n\t\t\t\t<\/div>\n\t\t<div class=\"elementor-element elementor-element-f742353 e-flex e-con-boxed e-con e-parent\" data-id=\"f742353\" data-element_type=\"container\" data-e-type=\"container\">\n\t\t\t\t\t<div class=\"e-con-inner\">\n\t\t\t\t<div class=\"elementor-element elementor-element-c98aad9 elementor-widget elementor-widget-heading\" data-id=\"c98aad9\" data-element_type=\"widget\" data-e-type=\"widget\" data-widget_type=\"heading.default\">\n\t\t\t\t<div class=\"elementor-widget-container\">\n\t\t\t\t\t<h2 class=\"elementor-heading-title elementor-size-default\">Investigaci\u00f3n<\/h2>\t\t\t\t<\/div>\n\t\t\t\t<\/div>\n\t\t\t\t\t<\/div>\n\t\t\t\t<\/div>\n\t\t<div class=\"elementor-element elementor-element-79028a0 e-flex e-con-boxed e-con e-parent\" data-id=\"79028a0\" data-element_type=\"container\" data-e-type=\"container\">\n\t\t\t\t\t<div class=\"e-con-inner\">\n\t\t\t\t<div class=\"elementor-element elementor-element-22031e6 elementor-widget elementor-widget-elementskit-simple-tab\" data-id=\"22031e6\" data-element_type=\"widget\" data-e-type=\"widget\" data-widget_type=\"elementskit-simple-tab.default\">\n\t\t\t\t<div class=\"elementor-widget-container\">\n\t\t\t\t\t<div class=\"ekit-wid-con\" >        <div class=\"elementkit-tab-wraper   elementskit-fitcontent-tab \">\n            <ul class=\"nav nav-tabs elementkit-tab-nav \">\n                                    <li class=\"elementkit-nav-item elementor-repeater-item-58491cc\">\n                        <a class=\"elementkit-nav-link  active show left-pos\" id=\"content-58491cc69f2a87853ce4-tab\" data-ekit-handler-id=\"l-neas-de-investigaci-n\" data-ekit-toggle=\"tab\" data-target=\"#content-58491cc69f2a87853ce4\" href=\"#Content-58491cc69f2a87853ce4\"\n                            data-ekit-toggle-trigger=\"click\"\n                            aria-describedby=\"Content-58491cc69f2a87853ce4\">\n                            <span class=\"elementskit-tab-icon\"><svg aria-hidden=\"true\" class=\"e-font-icon-svg e-fas-book-reader\" viewBox=\"0 0 512 512\" xmlns=\"http:\/\/www.w3.org\/2000\/svg\"><path d=\"M352 96c0-53.02-42.98-96-96-96s-96 42.98-96 96 42.98 96 96 96 96-42.98 96-96zM233.59 241.1c-59.33-36.32-155.43-46.3-203.79-49.05C13.55 191.13 0 203.51 0 219.14v222.8c0 14.33 11.59 26.28 26.49 27.05 43.66 2.29 131.99 10.68 193.04 41.43 9.37 4.72 20.48-1.71 20.48-11.87V252.56c-.01-4.67-2.32-8.95-6.42-11.46zm248.61-49.05c-48.35 2.74-144.46 12.73-203.78 49.05-4.1 2.51-6.41 6.96-6.41 11.63v245.79c0 10.19 11.14 16.63 20.54 11.9 61.04-30.72 149.32-39.11 192.97-41.4 14.9-.78 26.49-12.73 26.49-27.06V219.14c-.01-15.63-13.56-28.01-29.81-27.09z\"><\/path><\/svg><\/span>                            <span class=\"elementskit-tab-title\">L\u00edneas de investigaci\u00f3n<\/span>\n                        <\/a>\n                    <\/li>\n                                        <li class=\"elementkit-nav-item elementor-repeater-item-4eea293\">\n                        <a class=\"elementkit-nav-link  left-pos\" id=\"content-4eea29369f2a87853ce4-tab\" data-ekit-handler-id=\"grupo-de-investigaci-n-grinfesc\" data-ekit-toggle=\"tab\" data-target=\"#content-4eea29369f2a87853ce4\" href=\"#Content-4eea29369f2a87853ce4\"\n                            data-ekit-toggle-trigger=\"click\"\n                            aria-describedby=\"Content-4eea29369f2a87853ce4\">\n                            <span class=\"elementskit-tab-icon\"><svg aria-hidden=\"true\" class=\"e-font-icon-svg e-fas-users\" viewBox=\"0 0 640 512\" xmlns=\"http:\/\/www.w3.org\/2000\/svg\"><path d=\"M96 224c35.3 0 64-28.7 64-64s-28.7-64-64-64-64 28.7-64 64 28.7 64 64 64zm448 0c35.3 0 64-28.7 64-64s-28.7-64-64-64-64 28.7-64 64 28.7 64 64 64zm32 32h-64c-17.6 0-33.5 7.1-45.1 18.6 40.3 22.1 68.9 62 75.1 109.4h66c17.7 0 32-14.3 32-32v-32c0-35.3-28.7-64-64-64zm-256 0c61.9 0 112-50.1 112-112S381.9 32 320 32 208 82.1 208 144s50.1 112 112 112zm76.8 32h-8.3c-20.8 10-43.9 16-68.5 16s-47.6-6-68.5-16h-8.3C179.6 288 128 339.6 128 403.2V432c0 26.5 21.5 48 48 48h288c26.5 0 48-21.5 48-48v-28.8c0-63.6-51.6-115.2-115.2-115.2zm-223.7-13.4C161.5 263.1 145.6 256 128 256H64c-35.3 0-64 28.7-64 64v32c0 17.7 14.3 32 32 32h65.9c6.3-47.4 34.9-87.3 75.2-109.4z\"><\/path><\/svg><\/span>                            <span class=\"elementskit-tab-title\">Grupo de investigaci\u00f3n GRINFESC<\/span>\n                        <\/a>\n                    <\/li>\n                                        <li class=\"elementkit-nav-item elementor-repeater-item-f66a87c\">\n                        <a class=\"elementkit-nav-link  left-pos\" id=\"content-f66a87c69f2a87853ce4-tab\" data-ekit-handler-id=\"proyecci-n\" data-ekit-toggle=\"tab\" data-target=\"#content-f66a87c69f2a87853ce4\" href=\"#Content-f66a87c69f2a87853ce4\"\n                            data-ekit-toggle-trigger=\"click\"\n                            aria-describedby=\"Content-f66a87c69f2a87853ce4\">\n                            <span class=\"elementskit-tab-icon\"><i class=\"icon icon-chart2\"><\/i><\/span>                            <span class=\"elementskit-tab-title\">Proyecci\u00f3n<\/span>\n                        <\/a>\n                    <\/li>\n                                <\/ul>\n\n            <div class=\"tab-content elementkit-tab-content\">\n                                    <div class=\"tab-pane elementkit-tab-pane elementor-repeater-item-58491cc  active show\" id=\"content-58491cc69f2a87853ce4\" role=\"tabpanel\"\n                         aria-labelledby=\"content-58491cc69f2a87853ce4-tab\">\n                        <div class=\"animated fadeIn\">\n                            <p><b>Gesti\u00f3n empresarial:<\/b> desarrolla investigaci\u00f3n aplicada a soluciones empresariales mediante el apoyo en el proceso de creaci\u00f3n, consolidaci\u00f3n, mejoramiento y fortalecimiento de empresas o gremios productivos a trav\u00e9s de proyectos y trabajos de investigaci\u00f3n.<\/p><p><b>Proyecci\u00f3n social y fortalecimiento institucional:<\/b> desarrolla investigaci\u00f3n aplicada a necesidades de la comunidad educativa y de la sociedad en general, a trav\u00e9s de la oferta de alternativas concretas, dise\u00f1adas y ejecutadas institucionalmente e inter institucionalmente, universidad-sociedad-estado. Investiga situaciones, efectos e impactos producto de la formaci\u00f3n ofertada por la FESC con el prop\u00f3sito de ajustarla a las necesidades del entorno.<\/p><p><b>Desarrollo regional:<\/b> soluciona problemas con las tem\u00e1ticas de: medio ambiente, turismo, desarrollo de sectores productivos, aspectos sociales, culturales y pol\u00edticos de la regi\u00f3n.<\/p>                        <\/div>\n                    <\/div>\n                                    <div class=\"tab-pane elementkit-tab-pane elementor-repeater-item-4eea293 \" id=\"content-4eea29369f2a87853ce4\" role=\"tabpanel\"\n                         aria-labelledby=\"content-4eea29369f2a87853ce4-tab\">\n                        <div class=\"animated fadeIn\">\n                            <div>Grupo de investigaci\u00f3n <strong>GRINFESC<\/strong>\u00a0avalado por la FESC y por Colciencias en categor\u00eda B. Actualmente, existen dos l\u00edneas de investigaci\u00f3n en el grupo tituladas \u201cGesti\u00f3n Empresarial\u201d y \u201cDesarrollo Regional\u201d donde se pueden sumar los proyectos desarrollados en esta especializaci\u00f3n.\u00a0Actualmente, GRINFESC es un grupo de investigaci\u00f3n que tiene una l\u00ednea de investigaci\u00f3n titulada \u201cDesarrollo Tecnol\u00f3gico como aporte a la productividad empresarial\u201d, donde se pueden sumar los proyectos tecnol\u00f3gicos que tengan como fin un aporte sustancial a procesos empresariales, como es el caso de la investigaci\u00f3n aplicada que se desea realizar desde la especializaci\u00f3n.<\/div>                        <\/div>\n                    <\/div>\n                                    <div class=\"tab-pane elementkit-tab-pane elementor-repeater-item-f66a87c \" id=\"content-f66a87c69f2a87853ce4\" role=\"tabpanel\"\n                         aria-labelledby=\"content-f66a87c69f2a87853ce4-tab\">\n                        <div class=\"animated fadeIn\">\n                            <p>Se proyecta la consolidaci\u00f3n de una nueva l\u00ednea de investigaci\u00f3n para el grupo de investigaci\u00f3n GRINFESC, que brinde al nuevo programa de Especializaci\u00f3n en Anal\u00edtica de Datos para los Negocios y futuros en esta disciplina, la posibilidad de realizar investigaciones relacionadas con modelos de inteligencia artificial. La l\u00ednea de investigaci\u00f3n que se propone para el grupo es: Machine Learning. A partir de esta, se plantea temas de investigaci\u00f3n que responda a la necesidad de:<\/p><ul><li>An\u00e1lisis Inteligente de Datos<\/li><li>An\u00e1lisis y Evaluaci\u00f3n de Modelos predictivos estad\u00edsticos o de machine learning.<\/li><li>An\u00e1lisis y Evaluaci\u00f3n de Modelos predictivos con Inteligencia Artificial.<\/li><\/ul>                        <\/div>\n                    <\/div>\n                                \n            <\/div>\n                    <\/div>\n    <\/div>\t\t\t\t<\/div>\n\t\t\t\t<\/div>\n\t\t\t\t\t<\/div>\n\t\t\t\t<\/div>\n\t\t\t\t<\/div>\n\t\t","protected":false},"excerpt":{"rendered":"<p>Programa Plan de Estudios Contacto Programa Plan de estudios Contacto Plan de Estudios Investigaci\u00f3n L\u00edneas de investigaci\u00f3n Grupo de investigaci\u00f3n GRINFESC Proyecci\u00f3n Gesti\u00f3n empresarial: desarrolla investigaci\u00f3n aplicada a soluciones empresariales mediante el apoyo en el proceso de creaci\u00f3n, consolidaci\u00f3n, mejoramiento y fortalecimiento de empresas o gremios productivos a trav\u00e9s de proyectos y trabajos de investigaci\u00f3n.&hellip; <a class=\"more-link\" href=\"https:\/\/www.fesc.edu.co\/micrositios\/analiticadedatos\/plan-de-estudios\/\">Seguir leyendo <span class=\"screen-reader-text\">Plan de est\u00fadios<\/span><\/a><\/p>\n","protected":false},"author":1,"featured_media":0,"parent":0,"menu_order":0,"comment_status":"closed","ping_status":"closed","template":"elementor_header_footer","meta":{"footnotes":""},"class_list":["post-50","page","type-page","status-publish","hentry","entry"],"_links":{"self":[{"href":"https:\/\/www.fesc.edu.co\/micrositios\/analiticadedatos\/wp-json\/wp\/v2\/pages\/50","targetHints":{"allow":["GET"]}}],"collection":[{"href":"https:\/\/www.fesc.edu.co\/micrositios\/analiticadedatos\/wp-json\/wp\/v2\/pages"}],"about":[{"href":"https:\/\/www.fesc.edu.co\/micrositios\/analiticadedatos\/wp-json\/wp\/v2\/types\/page"}],"author":[{"embeddable":true,"href":"https:\/\/www.fesc.edu.co\/micrositios\/analiticadedatos\/wp-json\/wp\/v2\/users\/1"}],"replies":[{"embeddable":true,"href":"https:\/\/www.fesc.edu.co\/micrositios\/analiticadedatos\/wp-json\/wp\/v2\/comments?post=50"}],"version-history":[{"count":34,"href":"https:\/\/www.fesc.edu.co\/micrositios\/analiticadedatos\/wp-json\/wp\/v2\/pages\/50\/revisions"}],"predecessor-version":[{"id":380,"href":"https:\/\/www.fesc.edu.co\/micrositios\/analiticadedatos\/wp-json\/wp\/v2\/pages\/50\/revisions\/380"}],"wp:attachment":[{"href":"https:\/\/www.fesc.edu.co\/micrositios\/analiticadedatos\/wp-json\/wp\/v2\/media?parent=50"}],"curies":[{"name":"wp","href":"https:\/\/api.w.org\/{rel}","templated":true}]}}