{"id":393,"date":"2023-06-14T16:16:09","date_gmt":"2023-06-14T16:16:09","guid":{"rendered":"https:\/\/www.fesc.edu.co\/micrositios\/investigaciones\/?page_id=393"},"modified":"2023-11-08T16:58:33","modified_gmt":"2023-11-08T16:58:33","slug":"grupos","status":"publish","type":"page","link":"https:\/\/www.fesc.edu.co\/micrositios\/investigaciones\/grupos\/","title":{"rendered":"Grupos"},"content":{"rendered":"\t\t<div data-elementor-type=\"wp-page\" data-elementor-id=\"393\" class=\"elementor elementor-393\" data-elementor-post-type=\"page\">\n\t\t\t\t\t\t<section class=\"elementor-section elementor-top-section elementor-element elementor-element-0cf29d2 elementor-section-full_width elementor-section-height-min-height elementor-section-stretched elementor-section-height-default elementor-section-items-middle\" data-id=\"0cf29d2\" data-element_type=\"section\" data-e-type=\"section\" data-settings=\"{&quot;stretch_section&quot;:&quot;section-stretched&quot;}\">\n\t\t\t\t\t\t<div class=\"elementor-container elementor-column-gap-no\">\n\t\t\t\t\t<div class=\"elementor-column elementor-col-100 elementor-top-column elementor-element elementor-element-d77bcc0\" data-id=\"d77bcc0\" data-element_type=\"column\" data-e-type=\"column\">\n\t\t\t<div class=\"elementor-widget-wrap elementor-element-populated\">\n\t\t\t\t\t\t<div class=\"elementor-element elementor-element-37bf887 elementor-arrows-position-inside elementor-pagination-position-outside elementor-widget elementor-widget-image-carousel\" data-id=\"37bf887\" data-element_type=\"widget\" data-e-type=\"widget\" data-settings=\"{&quot;slides_to_show&quot;:&quot;1&quot;,&quot;navigation&quot;:&quot;both&quot;,&quot;autoplay&quot;:&quot;yes&quot;,&quot;pause_on_hover&quot;:&quot;yes&quot;,&quot;pause_on_interaction&quot;:&quot;yes&quot;,&quot;autoplay_speed&quot;:5000,&quot;infinite&quot;:&quot;yes&quot;,&quot;effect&quot;:&quot;slide&quot;,&quot;speed&quot;:500}\" data-widget_type=\"image-carousel.default\">\n\t\t\t\t<div class=\"elementor-widget-container\">\n\t\t\t\t\t\t\t<div class=\"elementor-image-carousel-wrapper swiper\" role=\"region\" aria-roledescription=\"carousel\" aria-label=\"Carrusel de im\u00e1genes\" dir=\"ltr\">\n\t\t\t<div class=\"elementor-image-carousel swiper-wrapper swiper-image-stretch\" aria-live=\"off\">\n\t\t\t\t\t\t\t\t<div class=\"swiper-slide\" role=\"group\" aria-roledescription=\"slide\" aria-label=\"1 de 1\"><figure class=\"swiper-slide-inner\"><img decoding=\"async\" class=\"swiper-slide-image\" src=\"https:\/\/www.fesc.edu.co\/micrositios\/investigaciones\/wp-content\/uploads\/sites\/22\/2023\/11\/grupos-1.png\" alt=\"\" \/><\/figure><\/div>\t\t\t<\/div>\n\t\t\t\t\t<\/div>\n\t\t\t\t\t\t<\/div>\n\t\t\t\t<\/div>\n\t\t\t\t\t<\/div>\n\t\t<\/div>\n\t\t\t\t\t<\/div>\n\t\t<\/section>\n\t\t\t\t<section class=\"elementor-section elementor-top-section elementor-element elementor-element-cb2d14c animated-slow elementor-hidden-mobile elementor-section-boxed elementor-section-height-default elementor-section-height-default elementor-invisible\" data-id=\"cb2d14c\" data-element_type=\"section\" data-e-type=\"section\" data-settings=\"{&quot;animation&quot;:&quot;fadeInLeft&quot;,&quot;animation_delay&quot;:0}\">\n\t\t\t\t\t\t<div class=\"elementor-container elementor-column-gap-default\">\n\t\t\t\t\t<div class=\"elementor-column elementor-col-16 elementor-top-column elementor-element elementor-element-266718c\" data-id=\"266718c\" data-element_type=\"column\" data-e-type=\"column\" data-settings=\"{&quot;animation&quot;:&quot;none&quot;}\">\n\t\t\t<div class=\"elementor-widget-wrap elementor-element-populated\">\n\t\t\t\t\t\t<div class=\"elementor-element elementor-element-b655aeb elementor-widget elementor-widget-image\" data-id=\"b655aeb\" data-element_type=\"widget\" data-e-type=\"widget\" data-widget_type=\"image.default\">\n\t\t\t\t<div class=\"elementor-widget-container\">\n\t\t\t\t\t\t\t\t\t\t\t\t\t\t\t\t<a href=\"https:\/\/www.fesc.edu.co\/micrositios\/investigaciones\">\n\t\t\t\t\t\t\t<img decoding=\"async\" src=\"https:\/\/www.fesc.edu.co\/micrositios\/investigaciones\/wp-content\/uploads\/sites\/22\/2023\/07\/home_rojo.png\" title=\"\" alt=\"\" class=\"elementor-animation-float\" loading=\"lazy\" \/>\t\t\t\t\t\t\t\t<\/a>\n\t\t\t\t\t\t\t\t\t\t\t\t\t\t\t<\/div>\n\t\t\t\t<\/div>\n\t\t\t\t<div class=\"elementor-element elementor-element-d1813a8 elementor-widget elementor-widget-heading\" data-id=\"d1813a8\" data-element_type=\"widget\" data-e-type=\"widget\" data-widget_type=\"heading.default\">\n\t\t\t\t<div class=\"elementor-widget-container\">\n\t\t\t\t\t<p class=\"elementor-heading-title elementor-size-default\">Genral<\/p>\t\t\t\t<\/div>\n\t\t\t\t<\/div>\n\t\t\t\t\t<\/div>\n\t\t<\/div>\n\t\t\t\t<div class=\"elementor-column elementor-col-16 elementor-top-column elementor-element elementor-element-3bc9aab\" data-id=\"3bc9aab\" data-element_type=\"column\" data-e-type=\"column\">\n\t\t\t<div class=\"elementor-widget-wrap elementor-element-populated\">\n\t\t\t\t\t\t<div class=\"elementor-element elementor-element-3f199da elementor-widget elementor-widget-image\" data-id=\"3f199da\" data-element_type=\"widget\" data-e-type=\"widget\" data-widget_type=\"image.default\">\n\t\t\t\t<div class=\"elementor-widget-container\">\n\t\t\t\t\t\t\t\t\t\t\t\t\t\t\t\t<a href=\"https:\/\/www.fesc.edu.co\/micrositios\/investigaciones\/semilleros\/\">\n\t\t\t\t\t\t\t<img decoding=\"async\" src=\"https:\/\/www.fesc.edu.co\/micrositios\/investigaciones\/wp-content\/uploads\/sites\/22\/2023\/07\/semillero_rojo.png\" title=\"\" alt=\"\" class=\"elementor-animation-float\" loading=\"lazy\" \/>\t\t\t\t\t\t\t\t<\/a>\n\t\t\t\t\t\t\t\t\t\t\t\t\t\t\t<\/div>\n\t\t\t\t<\/div>\n\t\t\t\t<div class=\"elementor-element elementor-element-3849ee7 elementor-widget elementor-widget-heading\" data-id=\"3849ee7\" data-element_type=\"widget\" data-e-type=\"widget\" data-widget_type=\"heading.default\">\n\t\t\t\t<div class=\"elementor-widget-container\">\n\t\t\t\t\t<p class=\"elementor-heading-title elementor-size-default\">Semillero<\/p>\t\t\t\t<\/div>\n\t\t\t\t<\/div>\n\t\t\t\t\t<\/div>\n\t\t<\/div>\n\t\t\t\t<div class=\"elementor-column elementor-col-16 elementor-top-column elementor-element elementor-element-cc2e85f\" data-id=\"cc2e85f\" data-element_type=\"column\" data-e-type=\"column\">\n\t\t\t<div class=\"elementor-widget-wrap elementor-element-populated\">\n\t\t\t\t\t\t<div class=\"elementor-element elementor-element-e511eb1 elementor-widget elementor-widget-image\" data-id=\"e511eb1\" data-element_type=\"widget\" data-e-type=\"widget\" data-widget_type=\"image.default\">\n\t\t\t\t<div class=\"elementor-widget-container\">\n\t\t\t\t\t\t\t\t\t\t\t\t\t\t\t\t<a href=\"https:\/\/www.fesc.edu.co\/micrositios\/investigaciones\/grupos\/\">\n\t\t\t\t\t\t\t<img decoding=\"async\" src=\"https:\/\/www.fesc.edu.co\/micrositios\/investigaciones\/wp-content\/uploads\/sites\/22\/2023\/07\/grupo_rojo.png\" title=\"\" alt=\"\" class=\"elementor-animation-float\" loading=\"lazy\" \/>\t\t\t\t\t\t\t\t<\/a>\n\t\t\t\t\t\t\t\t\t\t\t\t\t\t\t<\/div>\n\t\t\t\t<\/div>\n\t\t\t\t<div class=\"elementor-element elementor-element-6c8bfa8 elementor-widget elementor-widget-heading\" data-id=\"6c8bfa8\" data-element_type=\"widget\" data-e-type=\"widget\" data-widget_type=\"heading.default\">\n\t\t\t\t<div class=\"elementor-widget-container\">\n\t\t\t\t\t<p class=\"elementor-heading-title elementor-size-default\">Grupos<\/p>\t\t\t\t<\/div>\n\t\t\t\t<\/div>\n\t\t\t\t\t<\/div>\n\t\t<\/div>\n\t\t\t\t<div class=\"elementor-column elementor-col-16 elementor-top-column elementor-element elementor-element-c00ae89\" data-id=\"c00ae89\" data-element_type=\"column\" data-e-type=\"column\">\n\t\t\t<div class=\"elementor-widget-wrap elementor-element-populated\">\n\t\t\t\t\t\t<div class=\"elementor-element elementor-element-83d83e5 elementor-widget elementor-widget-image\" data-id=\"83d83e5\" data-element_type=\"widget\" data-e-type=\"widget\" data-widget_type=\"image.default\">\n\t\t\t\t<div class=\"elementor-widget-container\">\n\t\t\t\t\t\t\t\t\t\t\t\t\t\t\t\t<a href=\"https:\/\/www.fesc.edu.co\/micrositios\/investigaciones\/publicaciones\/\">\n\t\t\t\t\t\t\t<img decoding=\"async\" src=\"https:\/\/www.fesc.edu.co\/micrositios\/investigaciones\/wp-content\/uploads\/sites\/22\/2023\/07\/publicaciones_rojo.png\" title=\"\" alt=\"\" class=\"elementor-animation-float\" loading=\"lazy\" \/>\t\t\t\t\t\t\t\t<\/a>\n\t\t\t\t\t\t\t\t\t\t\t\t\t\t\t<\/div>\n\t\t\t\t<\/div>\n\t\t\t\t<div class=\"elementor-element elementor-element-546d762 elementor-widget elementor-widget-heading\" data-id=\"546d762\" data-element_type=\"widget\" data-e-type=\"widget\" data-widget_type=\"heading.default\">\n\t\t\t\t<div class=\"elementor-widget-container\">\n\t\t\t\t\t<p class=\"elementor-heading-title elementor-size-default\">Publicaciones<\/p>\t\t\t\t<\/div>\n\t\t\t\t<\/div>\n\t\t\t\t\t<\/div>\n\t\t<\/div>\n\t\t\t\t<div class=\"elementor-column elementor-col-16 elementor-top-column elementor-element elementor-element-2c1259f\" data-id=\"2c1259f\" data-element_type=\"column\" data-e-type=\"column\">\n\t\t\t<div class=\"elementor-widget-wrap elementor-element-populated\">\n\t\t\t\t\t\t<div class=\"elementor-element elementor-element-37f3189 elementor-widget elementor-widget-image\" data-id=\"37f3189\" data-element_type=\"widget\" data-e-type=\"widget\" data-widget_type=\"image.default\">\n\t\t\t\t<div class=\"elementor-widget-container\">\n\t\t\t\t\t\t\t\t\t\t\t\t\t\t\t\t<a href=\"https:\/\/www.fesc.edu.co\/micrositios\/investigaciones\/estimulos\/\">\n\t\t\t\t\t\t\t<img decoding=\"async\" src=\"https:\/\/www.fesc.edu.co\/micrositios\/investigaciones\/wp-content\/uploads\/sites\/22\/2023\/07\/estimulos_rojo.png\" title=\"\" alt=\"\" class=\"elementor-animation-float\" loading=\"lazy\" \/>\t\t\t\t\t\t\t\t<\/a>\n\t\t\t\t\t\t\t\t\t\t\t\t\t\t\t<\/div>\n\t\t\t\t<\/div>\n\t\t\t\t<div class=\"elementor-element elementor-element-e44dbbf elementor-widget elementor-widget-heading\" data-id=\"e44dbbf\" data-element_type=\"widget\" data-e-type=\"widget\" data-widget_type=\"heading.default\">\n\t\t\t\t<div class=\"elementor-widget-container\">\n\t\t\t\t\t<p class=\"elementor-heading-title elementor-size-default\">Est\u00edmulos<\/p>\t\t\t\t<\/div>\n\t\t\t\t<\/div>\n\t\t\t\t\t<\/div>\n\t\t<\/div>\n\t\t\t\t<div class=\"elementor-column elementor-col-16 elementor-top-column elementor-element elementor-element-e552a06\" data-id=\"e552a06\" data-element_type=\"column\" data-e-type=\"column\">\n\t\t\t<div class=\"elementor-widget-wrap elementor-element-populated\">\n\t\t\t\t\t\t<div class=\"elementor-element elementor-element-de33dbb elementor-widget elementor-widget-image\" data-id=\"de33dbb\" data-element_type=\"widget\" data-e-type=\"widget\" data-widget_type=\"image.default\">\n\t\t\t\t<div class=\"elementor-widget-container\">\n\t\t\t\t\t\t\t\t\t\t\t\t\t\t\t\t<a href=\"https:\/\/www.fesc.edu.co\/micrositios\/investigaciones\/novedades\/\">\n\t\t\t\t\t\t\t<img decoding=\"async\" src=\"https:\/\/www.fesc.edu.co\/micrositios\/investigaciones\/wp-content\/uploads\/sites\/22\/2023\/07\/novedades_rojo.png\" title=\"\" alt=\"\" class=\"elementor-animation-float\" loading=\"lazy\" \/>\t\t\t\t\t\t\t\t<\/a>\n\t\t\t\t\t\t\t\t\t\t\t\t\t\t\t<\/div>\n\t\t\t\t<\/div>\n\t\t\t\t<div class=\"elementor-element elementor-element-05fde27 elementor-widget elementor-widget-heading\" data-id=\"05fde27\" data-element_type=\"widget\" data-e-type=\"widget\" data-widget_type=\"heading.default\">\n\t\t\t\t<div class=\"elementor-widget-container\">\n\t\t\t\t\t<p class=\"elementor-heading-title elementor-size-default\">Novedades<\/p>\t\t\t\t<\/div>\n\t\t\t\t<\/div>\n\t\t\t\t\t<\/div>\n\t\t<\/div>\n\t\t\t\t\t<\/div>\n\t\t<\/section>\n\t\t\t\t<section class=\"elementor-section elementor-top-section elementor-element elementor-element-e123b47 elementor-hidden-desktop elementor-hidden-tablet elementor-section-boxed elementor-section-height-default elementor-section-height-default\" data-id=\"e123b47\" data-element_type=\"section\" data-e-type=\"section\">\n\t\t\t\t\t\t<div class=\"elementor-container elementor-column-gap-default\">\n\t\t\t\t\t<div class=\"elementor-column elementor-col-100 elementor-top-column elementor-element elementor-element-5f977a3\" data-id=\"5f977a3\" data-element_type=\"column\" data-e-type=\"column\">\n\t\t\t<div class=\"elementor-widget-wrap elementor-element-populated\">\n\t\t\t\t\t\t<div class=\"elementor-element elementor-element-dd3e8cc elementor-widget elementor-widget-html\" data-id=\"dd3e8cc\" data-element_type=\"widget\" data-e-type=\"widget\" data-widget_type=\"html.default\">\n\t\t\t\t<div class=\"elementor-widget-container\">\n\t\t\t\t\t<div class=\"MN\">\n    <a  href=\"https:\/\/www.fesc.edu.co\/micrositios\/investigaciones\/\"><img decoding=\"async\" class=\"grey\" src=\"https:\/\/www.fesc.edu.co\/micrositios\/investigaciones\/wp-content\/uploads\/sites\/22\/2023\/07\/home_rojo.png\">General<\/a>\n    <a href=\"https:\/\/www.fesc.edu.co\/micrositios\/investigaciones\/semilleros\/\"><img decoding=\"async\" class=\"grey\" src=\"https:\/\/www.fesc.edu.co\/micrositios\/investigaciones\/wp-content\/uploads\/sites\/22\/2023\/07\/semillero_rojo.png\">Semillero<\/a>\n    \n    <a href=\"https:\/\/www.fesc.edu.co\/micrositios\/investigaciones\/grupos\/\"><img decoding=\"async\"  class=\"active\" src=\"https:\/\/www.fesc.edu.co\/micrositios\/investigaciones\/wp-content\/uploads\/sites\/22\/2023\/07\/grupo_rojo.png\">Grupos<\/a>\n    \n    \n    \n    <a href=\"https:\/\/www.fesc.edu.co\/micrositios\/investigaciones\/publicaciones\/\"><img decoding=\"async\" class=\"grey\" src=\"https:\/\/www.fesc.edu.co\/micrositios\/investigaciones\/wp-content\/uploads\/sites\/22\/2023\/07\/publicaciones_rojo.png\">Publicaciones<\/a>\n    <a href=\"https:\/\/www.fesc.edu.co\/micrositios\/investigaciones\/estimulos\/\"><img decoding=\"async\"  class=\"grey\" src=\"https:\/\/www.fesc.edu.co\/micrositios\/investigaciones\/wp-content\/uploads\/sites\/22\/2023\/07\/estimulos_rojo.png\">Est\u00edmulos<\/a>\n    \n    <a href=\"https:\/\/www.fesc.edu.co\/micrositios\/investigaciones\/novedades\/\"><img decoding=\"async\"  class=\"grey\" src=\"https:\/\/www.fesc.edu.co\/micrositios\/investigaciones\/wp-content\/uploads\/sites\/22\/2023\/07\/novedades_rojo.png\">Novedades<\/a>\n    \n<\/div>\n\n<style>\n    .MN{\n        margin: 2%;\n        display: grid;\n        grid-template-columns: 2fr 2fr;\n        row-gap: 10px;\n        font-size: 12px;\n    }\n    .MN img{\n        width: 20%;\n    }\n    .grey{\n        filter: brightness( 100% ) contrast( 0% ) saturate( 100% ) blur( 0px ) hue-rotate( 0deg );\n}\n.grey:hover{\n        filter: brightness( 100% ) contrast( 100% ) saturate( 100% ) blur( 0px ) hue-rotate( 0deg );\n        \n}\n    }\n<\/style>\t\t\t\t<\/div>\n\t\t\t\t<\/div>\n\t\t\t\t\t<\/div>\n\t\t<\/div>\n\t\t\t\t\t<\/div>\n\t\t<\/section>\n\t\t\t\t<section class=\"elementor-section elementor-top-section elementor-element elementor-element-06916f6 animated-slow elementor-section-boxed elementor-section-height-default elementor-section-height-default elementor-invisible\" data-id=\"06916f6\" data-element_type=\"section\" data-e-type=\"section\" data-settings=\"{&quot;background_background&quot;:&quot;gradient&quot;,&quot;animation&quot;:&quot;fadeIn&quot;}\">\n\t\t\t\t\t\t<div class=\"elementor-container elementor-column-gap-default\">\n\t\t\t\t\t<div class=\"elementor-column elementor-col-100 elementor-top-column elementor-element elementor-element-376ac83\" data-id=\"376ac83\" data-element_type=\"column\" data-e-type=\"column\">\n\t\t\t<div class=\"elementor-widget-wrap elementor-element-populated\">\n\t\t\t\t\t\t<div class=\"elementor-element elementor-element-a5fe7b0 elementor-widget elementor-widget-heading\" data-id=\"a5fe7b0\" data-element_type=\"widget\" data-e-type=\"widget\" data-widget_type=\"heading.default\">\n\t\t\t\t<div class=\"elementor-widget-container\">\n\t\t\t\t\t<h2 class=\"elementor-heading-title elementor-size-default\">Grupos<\/h2>\t\t\t\t<\/div>\n\t\t\t\t<\/div>\n\t\t\t\t<div class=\"elementor-element elementor-element-eaed7de elementor-widget elementor-widget-text-editor\" data-id=\"eaed7de\" data-element_type=\"widget\" data-e-type=\"widget\" data-widget_type=\"text-editor.default\">\n\t\t\t\t<div class=\"elementor-widget-container\">\n\t\t\t\t\t\t\t\t\t<div style=\"text-align:justify\">\nLos grupos de investigaci\u00f3n son institucionales y uno por programa acad\u00e9mico; los proyectos de investigaci\u00f3n que se desarrollan en los grupos deben situar en algunas de las tres l\u00edneas de Investigaci\u00f3n de la FESC: Gesti\u00f3n empresarial, Desarrollo regional, Proyecci\u00f3n social y fortalecimiento institucional. Deben tratar temas relacionados con sectores productivos con presencia regional, enfatizando en objetivos sociales, econ\u00f3micos y ambientales.\n<\/div>\t\t\t\t\t\t\t\t<\/div>\n\t\t\t\t<\/div>\n\t\t\t\t\t<\/div>\n\t\t<\/div>\n\t\t\t\t\t<\/div>\n\t\t<\/section>\n\t\t\t\t<section class=\"elementor-section elementor-top-section elementor-element elementor-element-f2be53b elementor-section-boxed elementor-section-height-default elementor-section-height-default\" data-id=\"f2be53b\" data-element_type=\"section\" data-e-type=\"section\">\n\t\t\t\t\t\t\t<div class=\"elementor-background-overlay\"><\/div>\n\t\t\t\t\t\t\t<div class=\"elementor-container elementor-column-gap-default\">\n\t\t\t\t\t<div class=\"elementor-column elementor-col-50 elementor-top-column elementor-element elementor-element-7e12cd1\" data-id=\"7e12cd1\" data-element_type=\"column\" data-e-type=\"column\">\n\t\t\t<div class=\"elementor-widget-wrap elementor-element-populated\">\n\t\t\t\t\t\t<div class=\"elementor-element elementor-element-3e1c9ef elementor-widget elementor-widget-video\" data-id=\"3e1c9ef\" data-element_type=\"widget\" data-e-type=\"widget\" data-settings=\"{&quot;youtube_url&quot;:&quot;https:\\\/\\\/www.youtube.com\\\/watch?v=XHOmBV4js_E&quot;,&quot;video_type&quot;:&quot;youtube&quot;,&quot;controls&quot;:&quot;yes&quot;}\" data-widget_type=\"video.default\">\n\t\t\t\t<div class=\"elementor-widget-container\">\n\t\t\t\t\t\t\t<div class=\"elementor-wrapper elementor-open-inline\">\n\t\t\t<div class=\"elementor-video\"><\/div>\t\t<\/div>\n\t\t\t\t\t\t<\/div>\n\t\t\t\t<\/div>\n\t\t\t\t\t<\/div>\n\t\t<\/div>\n\t\t\t\t<div class=\"elementor-column elementor-col-50 elementor-top-column elementor-element elementor-element-f82c3d2\" data-id=\"f82c3d2\" data-element_type=\"column\" data-e-type=\"column\">\n\t\t\t<div class=\"elementor-widget-wrap\">\n\t\t\t\t\t\t\t<\/div>\n\t\t<\/div>\n\t\t\t\t\t<\/div>\n\t\t<\/section>\n\t\t\t\t<section class=\"elementor-section elementor-top-section elementor-element elementor-element-02706aa elementor-section-boxed elementor-section-height-default elementor-section-height-default\" data-id=\"02706aa\" data-element_type=\"section\" data-e-type=\"section\">\n\t\t\t\t\t\t<div class=\"elementor-container elementor-column-gap-default\">\n\t\t\t\t\t<div class=\"elementor-column elementor-col-100 elementor-top-column elementor-element elementor-element-55a4138\" data-id=\"55a4138\" data-element_type=\"column\" data-e-type=\"column\">\n\t\t\t<div class=\"elementor-widget-wrap elementor-element-populated\">\n\t\t\t\t\t\t<div class=\"elementor-element elementor-element-d0d857b elementor-widget elementor-widget-heading\" data-id=\"d0d857b\" data-element_type=\"widget\" data-e-type=\"widget\" data-widget_type=\"heading.default\">\n\t\t\t\t<div class=\"elementor-widget-container\">\n\t\t\t\t\t<h2 class=\"elementor-heading-title elementor-size-default\">Grupos de Investigaci\u00f3n FESC<\/h2>\t\t\t\t<\/div>\n\t\t\t\t<\/div>\n\t\t\t\t<section class=\"elementor-section elementor-inner-section elementor-element elementor-element-4c8b12c elementor-section-boxed elementor-section-height-default elementor-section-height-default\" data-id=\"4c8b12c\" data-element_type=\"section\" data-e-type=\"section\">\n\t\t\t\t\t\t<div class=\"elementor-container elementor-column-gap-default\">\n\t\t\t\t\t<div class=\"elementor-column elementor-col-33 elementor-inner-column elementor-element elementor-element-050fd52\" data-id=\"050fd52\" data-element_type=\"column\" data-e-type=\"column\">\n\t\t\t<div class=\"elementor-widget-wrap elementor-element-populated\">\n\t\t\t\t\t\t<div class=\"elementor-element elementor-element-6f96a55 elementor-widget elementor-widget-image\" data-id=\"6f96a55\" data-element_type=\"widget\" data-e-type=\"widget\" data-widget_type=\"image.default\">\n\t\t\t\t<div class=\"elementor-widget-container\">\n\t\t\t\t\t\t\t\t\t\t\t\t\t\t\t<img decoding=\"async\" src=\"https:\/\/www.fesc.edu.co\/micrositios\/investigaciones\/wp-content\/uploads\/sites\/22\/2023\/06\/logogrin.png\" title=\"\" alt=\"\" loading=\"lazy\" \/>\t\t\t\t\t\t\t\t\t\t\t\t\t\t\t<\/div>\n\t\t\t\t<\/div>\n\t\t\t\t\t<\/div>\n\t\t<\/div>\n\t\t\t\t<div class=\"elementor-column elementor-col-33 elementor-inner-column elementor-element elementor-element-a60957f\" data-id=\"a60957f\" data-element_type=\"column\" data-e-type=\"column\">\n\t\t\t<div class=\"elementor-widget-wrap elementor-element-populated\">\n\t\t\t\t\t\t<div class=\"elementor-element elementor-element-2e88c65 elementor-widget elementor-widget-image\" data-id=\"2e88c65\" data-element_type=\"widget\" data-e-type=\"widget\" data-widget_type=\"image.default\">\n\t\t\t\t<div class=\"elementor-widget-container\">\n\t\t\t\t\t\t\t\t\t\t\t\t\t\t\t<img decoding=\"async\" src=\"https:\/\/www.fesc.edu.co\/micrositios\/investigaciones\/wp-content\/uploads\/sites\/22\/2023\/06\/imagine.jpg\" title=\"\" alt=\"\" loading=\"lazy\" \/>\t\t\t\t\t\t\t\t\t\t\t\t\t\t\t<\/div>\n\t\t\t\t<\/div>\n\t\t\t\t\t<\/div>\n\t\t<\/div>\n\t\t\t\t<div class=\"elementor-column elementor-col-33 elementor-inner-column elementor-element elementor-element-0a34dab\" data-id=\"0a34dab\" data-element_type=\"column\" data-e-type=\"column\">\n\t\t\t<div class=\"elementor-widget-wrap elementor-element-populated\">\n\t\t\t\t\t\t<div class=\"elementor-element elementor-element-ad3e3b5 elementor-widget elementor-widget-image\" data-id=\"ad3e3b5\" data-element_type=\"widget\" data-e-type=\"widget\" data-widget_type=\"image.default\">\n\t\t\t\t<div class=\"elementor-widget-container\">\n\t\t\t\t\t\t\t\t\t\t\t\t\t\t\t<img decoding=\"async\" src=\"https:\/\/www.fesc.edu.co\/micrositios\/investigaciones\/wp-content\/uploads\/sites\/22\/2023\/06\/gtn.jpg\" title=\"\" alt=\"\" loading=\"lazy\" \/>\t\t\t\t\t\t\t\t\t\t\t\t\t\t\t<\/div>\n\t\t\t\t<\/div>\n\t\t\t\t\t<\/div>\n\t\t<\/div>\n\t\t\t\t\t<\/div>\n\t\t<\/section>\n\t\t\t\t\t<\/div>\n\t\t<\/div>\n\t\t\t\t\t<\/div>\n\t\t<\/section>\n\t\t\t\t<section class=\"elementor-section elementor-top-section elementor-element elementor-element-dfccb5c elementor-section-boxed elementor-section-height-default elementor-section-height-default\" data-id=\"dfccb5c\" data-element_type=\"section\" data-e-type=\"section\">\n\t\t\t\t\t\t\t<div class=\"elementor-background-overlay\"><\/div>\n\t\t\t\t\t\t\t<div class=\"elementor-container elementor-column-gap-default\">\n\t\t\t\t\t<div class=\"elementor-column elementor-col-100 elementor-top-column elementor-element elementor-element-fe02ce1\" data-id=\"fe02ce1\" data-element_type=\"column\" data-e-type=\"column\">\n\t\t\t<div class=\"elementor-widget-wrap elementor-element-populated\">\n\t\t\t\t\t\t<div class=\"elementor-element elementor-element-0bc7683 elementor-widget elementor-widget-heading\" data-id=\"0bc7683\" data-element_type=\"widget\" data-e-type=\"widget\" data-widget_type=\"heading.default\">\n\t\t\t\t<div class=\"elementor-widget-container\">\n\t\t\t\t\t<h3 class=\"elementor-heading-title elementor-size-default\">TRAYECTORIA DE LOS\nGRUPOS DE INVESTIGACI\u00d3N<\/h3>\t\t\t\t<\/div>\n\t\t\t\t<\/div>\n\t\t\t\t\t<\/div>\n\t\t<\/div>\n\t\t\t\t\t<\/div>\n\t\t<\/section>\n\t\t\t\t<\/div>\n\t\t","protected":false},"excerpt":{"rendered":"<p>Genral Semillero Grupos Publicaciones Est\u00edmulos Novedades General Semillero Grupos Publicaciones Est\u00edmulos Novedades Grupos Los grupos de investigaci\u00f3n son institucionales y uno por programa acad\u00e9mico; los proyectos de investigaci\u00f3n que se desarrollan en los grupos deben situar en algunas de las tres l\u00edneas de Investigaci\u00f3n de la FESC: Gesti\u00f3n empresarial, Desarrollo regional, Proyecci\u00f3n social y fortalecimiento&hellip; <a class=\"more-link\" href=\"https:\/\/www.fesc.edu.co\/micrositios\/investigaciones\/grupos\/\">Seguir leyendo <span class=\"screen-reader-text\">Grupos<\/span><\/a><\/p>\n","protected":false},"author":1,"featured_media":0,"parent":0,"menu_order":0,"comment_status":"closed","ping_status":"closed","template":"elementor_header_footer","meta":{"footnotes":""},"class_list":["post-393","page","type-page","status-publish","hentry","entry"],"_links":{"self":[{"href":"https:\/\/www.fesc.edu.co\/micrositios\/investigaciones\/wp-json\/wp\/v2\/pages\/393","targetHints":{"allow":["GET"]}}],"collection":[{"href":"https:\/\/www.fesc.edu.co\/micrositios\/investigaciones\/wp-json\/wp\/v2\/pages"}],"about":[{"href":"https:\/\/www.fesc.edu.co\/micrositios\/investigaciones\/wp-json\/wp\/v2\/types\/page"}],"author":[{"embeddable":true,"href":"https:\/\/www.fesc.edu.co\/micrositios\/investigaciones\/wp-json\/wp\/v2\/users\/1"}],"replies":[{"embeddable":true,"href":"https:\/\/www.fesc.edu.co\/micrositios\/investigaciones\/wp-json\/wp\/v2\/comments?post=393"}],"version-history":[{"count":36,"href":"https:\/\/www.fesc.edu.co\/micrositios\/investigaciones\/wp-json\/wp\/v2\/pages\/393\/revisions"}],"predecessor-version":[{"id":2390,"href":"https:\/\/www.fesc.edu.co\/micrositios\/investigaciones\/wp-json\/wp\/v2\/pages\/393\/revisions\/2390"}],"wp:attachment":[{"href":"https:\/\/www.fesc.edu.co\/micrositios\/investigaciones\/wp-json\/wp\/v2\/media?parent=393"}],"curies":[{"name":"wp","href":"https:\/\/api.w.org\/{rel}","templated":true}]}}