{"id":46,"date":"2023-03-03T05:15:57","date_gmt":"2023-03-03T05:15:57","guid":{"rendered":"https:\/\/www.fesc.edu.co\/micrositios\/logistica\/?page_id=46"},"modified":"2026-03-29T09:41:54","modified_gmt":"2026-03-29T14:41:54","slug":"plan-de-estudios","status":"publish","type":"page","link":"https:\/\/www.fesc.edu.co\/micrositios\/logistica\/plan-de-estudios\/","title":{"rendered":"Plan de Est\u00fadios"},"content":{"rendered":"\t\t<div data-elementor-type=\"wp-page\" data-elementor-id=\"46\" class=\"elementor elementor-46\" data-elementor-post-type=\"page\">\n\t\t\t\t\t\t<section class=\"elementor-section elementor-top-section elementor-element elementor-element-b9d7f62 elementor-section-full_width elementor-section-height-default elementor-section-height-default\" data-id=\"b9d7f62\" data-element_type=\"section\" data-e-type=\"section\">\n\t\t\t\t\t\t<div class=\"elementor-container elementor-column-gap-no\">\n\t\t\t\t\t<div class=\"elementor-column elementor-col-100 elementor-top-column elementor-element elementor-element-a5ee9cb\" data-id=\"a5ee9cb\" data-element_type=\"column\" data-e-type=\"column\">\n\t\t\t<div class=\"elementor-widget-wrap elementor-element-populated\">\n\t\t\t\t\t\t<div class=\"elementor-element elementor-element-502804d elementor-arrows-position-inside elementor-pagination-position-outside elementor-widget elementor-widget-image-carousel\" data-id=\"502804d\" data-element_type=\"widget\" data-e-type=\"widget\" data-settings=\"{&quot;slides_to_show&quot;:&quot;1&quot;,&quot;navigation&quot;:&quot;both&quot;,&quot;autoplay&quot;:&quot;yes&quot;,&quot;pause_on_hover&quot;:&quot;yes&quot;,&quot;pause_on_interaction&quot;:&quot;yes&quot;,&quot;autoplay_speed&quot;:5000,&quot;infinite&quot;:&quot;yes&quot;,&quot;effect&quot;:&quot;slide&quot;,&quot;speed&quot;:500}\" data-widget_type=\"image-carousel.default\">\n\t\t\t\t<div class=\"elementor-widget-container\">\n\t\t\t\t\t\t\t<div class=\"elementor-image-carousel-wrapper swiper\" role=\"region\" aria-roledescription=\"carousel\" aria-label=\"Carrusel de im\u00e1genes\" dir=\"ltr\">\n\t\t\t<div class=\"elementor-image-carousel swiper-wrapper swiper-image-stretch\" aria-live=\"off\">\n\t\t\t\t\t\t\t\t<div class=\"swiper-slide\" role=\"group\" aria-roledescription=\"slide\" aria-label=\"1 de 1\"><figure class=\"swiper-slide-inner\"><img decoding=\"async\" class=\"swiper-slide-image\" src=\"https:\/\/www.fesc.edu.co\/micrositios\/logistica\/wp-content\/uploads\/sites\/19\/2025\/07\/PROGRAMA-LOGISTICA-OCANA.jpg\" alt=\"PROGRAMA LOGISTICA OCAN\u0303A\" \/><\/figure><\/div>\t\t\t<\/div>\n\t\t\t\t\t<\/div>\n\t\t\t\t\t\t<\/div>\n\t\t\t\t<\/div>\n\t\t\t\t\t<\/div>\n\t\t<\/div>\n\t\t\t\t\t<\/div>\n\t\t<\/section>\n\t\t\t\t<section class=\"elementor-section elementor-top-section elementor-element elementor-element-fd74db4 elementor-section-height-min-height elementor-hidden-phone elementor-section-boxed elementor-section-height-default elementor-section-items-middle elementor-invisible\" data-id=\"fd74db4\" data-element_type=\"section\" data-e-type=\"section\" data-settings=\"{&quot;animation&quot;:&quot;bounceIn&quot;}\">\n\t\t\t\t\t\t<div class=\"elementor-container elementor-column-gap-default\">\n\t\t\t\t\t<div class=\"elementor-column elementor-col-20 elementor-top-column elementor-element elementor-element-1f4fca2\" data-id=\"1f4fca2\" data-element_type=\"column\" data-e-type=\"column\">\n\t\t\t<div class=\"elementor-widget-wrap elementor-element-populated\">\n\t\t\t\t\t\t<div class=\"elementor-element elementor-element-5f78357 elementor-widget elementor-widget-image\" data-id=\"5f78357\" data-element_type=\"widget\" data-e-type=\"widget\" data-widget_type=\"image.default\">\n\t\t\t\t<div class=\"elementor-widget-container\">\n\t\t\t\t\t\t\t\t\t\t\t\t\t\t\t\t<a href=\"https:\/\/www.fesc.edu.co\/micrositios\/logistica\/\">\n\t\t\t\t\t\t\t<img decoding=\"async\" src=\"https:\/\/www.fesc.edu.co\/micrositios\/logistica\/wp-content\/uploads\/sites\/19\/elementor\/thumbs\/programa-r1gaz3fdg9m1sbf4l9he2h318k7ikz5bsyps1cgfzc.png\" title=\"programa\" alt=\"programa\" class=\"elementor-animation-shrink\" loading=\"lazy\" \/>\t\t\t\t\t\t\t\t<\/a>\n\t\t\t\t\t\t\t\t\t\t\t\t\t\t\t<\/div>\n\t\t\t\t<\/div>\n\t\t\t\t<div class=\"elementor-element elementor-element-e3490f4 elementor-widget elementor-widget-text-editor\" data-id=\"e3490f4\" data-element_type=\"widget\" data-e-type=\"widget\" data-widget_type=\"text-editor.default\">\n\t\t\t\t<div class=\"elementor-widget-container\">\n\t\t\t\t\t\t\t\t\t<h6>Programa<\/h6>\t\t\t\t\t\t\t\t<\/div>\n\t\t\t\t<\/div>\n\t\t\t\t\t<\/div>\n\t\t<\/div>\n\t\t\t\t<div class=\"elementor-column elementor-col-20 elementor-top-column elementor-element elementor-element-b1a4c61\" data-id=\"b1a4c61\" data-element_type=\"column\" data-e-type=\"column\">\n\t\t\t<div class=\"elementor-widget-wrap elementor-element-populated\">\n\t\t\t\t\t\t<div class=\"elementor-element elementor-element-561c5d4 elementor-widget elementor-widget-image\" data-id=\"561c5d4\" data-element_type=\"widget\" data-e-type=\"widget\" data-widget_type=\"image.default\">\n\t\t\t\t<div class=\"elementor-widget-container\">\n\t\t\t\t\t\t\t\t\t\t\t\t\t\t\t\t<a href=\"https:\/\/www.fesc.edu.co\/micrositios\/logistica\/plan-de-estudios\/\">\n\t\t\t\t\t\t\t<img decoding=\"async\" src=\"https:\/\/www.fesc.edu.co\/micrositios\/logistica\/wp-content\/uploads\/sites\/19\/elementor\/thumbs\/plandeestudios_hover-r1gaz2hj9fkrgpghqr2rhzbkn6c5da1lgu2ak2hu5k.png\" title=\"plandeestudios_hover\" alt=\"plandeestudios_hover\" class=\"elementor-animation-shrink\" loading=\"lazy\" \/>\t\t\t\t\t\t\t\t<\/a>\n\t\t\t\t\t\t\t\t\t\t\t\t\t\t\t<\/div>\n\t\t\t\t<\/div>\n\t\t\t\t<div class=\"elementor-element elementor-element-68233b1 elementor-widget elementor-widget-text-editor\" data-id=\"68233b1\" data-element_type=\"widget\" data-e-type=\"widget\" data-widget_type=\"text-editor.default\">\n\t\t\t\t<div class=\"elementor-widget-container\">\n\t\t\t\t\t\t\t\t\t<h6>Plan de estudios<\/h6>\t\t\t\t\t\t\t\t<\/div>\n\t\t\t\t<\/div>\n\t\t\t\t\t<\/div>\n\t\t<\/div>\n\t\t\t\t<div class=\"elementor-column elementor-col-20 elementor-top-column elementor-element elementor-element-8f2b716\" data-id=\"8f2b716\" data-element_type=\"column\" data-e-type=\"column\">\n\t\t\t<div class=\"elementor-widget-wrap elementor-element-populated\">\n\t\t\t\t\t\t<div class=\"elementor-element elementor-element-9d2d7af elementor-widget elementor-widget-image\" data-id=\"9d2d7af\" data-element_type=\"widget\" data-e-type=\"widget\" data-widget_type=\"image.default\">\n\t\t\t\t<div class=\"elementor-widget-container\">\n\t\t\t\t\t\t\t\t\t\t\t\t\t\t\t\t<a href=\"https:\/\/www.fesc.edu.co\/micrositios\/logistica\/docentes\/\">\n\t\t\t\t\t\t\t<img decoding=\"async\" src=\"https:\/\/www.fesc.edu.co\/micrositios\/logistica\/wp-content\/uploads\/sites\/19\/elementor\/thumbs\/docentes-r1gaz0luvri6thj81q9iczsngelexvu4skrblikmi0.png\" title=\"docentes\" alt=\"docentes\" class=\"elementor-animation-shrink\" loading=\"lazy\" \/>\t\t\t\t\t\t\t\t<\/a>\n\t\t\t\t\t\t\t\t\t\t\t\t\t\t\t<\/div>\n\t\t\t\t<\/div>\n\t\t\t\t<div class=\"elementor-element elementor-element-2def4a7 elementor-widget elementor-widget-text-editor\" data-id=\"2def4a7\" data-element_type=\"widget\" data-e-type=\"widget\" data-widget_type=\"text-editor.default\">\n\t\t\t\t<div class=\"elementor-widget-container\">\n\t\t\t\t\t\t\t\t\t<h6>Docentes<\/h6>\t\t\t\t\t\t\t\t<\/div>\n\t\t\t\t<\/div>\n\t\t\t\t\t<\/div>\n\t\t<\/div>\n\t\t\t\t<div class=\"elementor-column elementor-col-20 elementor-top-column elementor-element elementor-element-ac9eb23\" data-id=\"ac9eb23\" data-element_type=\"column\" data-e-type=\"column\">\n\t\t\t<div class=\"elementor-widget-wrap elementor-element-populated\">\n\t\t\t\t\t\t<div class=\"elementor-element elementor-element-50e409a elementor-widget elementor-widget-image\" data-id=\"50e409a\" data-element_type=\"widget\" data-e-type=\"widget\" data-widget_type=\"image.default\">\n\t\t\t\t<div class=\"elementor-widget-container\">\n\t\t\t\t\t\t\t\t\t\t\t\t\t\t\t\t<a href=\"https:\/\/www.fesc.edu.co\/micrositios\/logistica\/informacion\/\">\n\t\t\t\t\t\t\t<img decoding=\"async\" src=\"https:\/\/www.fesc.edu.co\/micrositios\/logistica\/wp-content\/uploads\/sites\/19\/elementor\/thumbs\/novedades-r1gaz1jp2ljh53huw8o4xhk41sgs5kxv4pet2sj8bs.png\" title=\"novedades\" alt=\"novedades\" class=\"elementor-animation-shrink\" loading=\"lazy\" \/>\t\t\t\t\t\t\t\t<\/a>\n\t\t\t\t\t\t\t\t\t\t\t\t\t\t\t<\/div>\n\t\t\t\t<\/div>\n\t\t\t\t<div class=\"elementor-element elementor-element-3167839 elementor-widget elementor-widget-text-editor\" data-id=\"3167839\" data-element_type=\"widget\" data-e-type=\"widget\" data-widget_type=\"text-editor.default\">\n\t\t\t\t<div class=\"elementor-widget-container\">\n\t\t\t\t\t\t\t\t\t<h6>Novedades<\/h6>\t\t\t\t\t\t\t\t<\/div>\n\t\t\t\t<\/div>\n\t\t\t\t\t<\/div>\n\t\t<\/div>\n\t\t\t\t<div class=\"elementor-column elementor-col-20 elementor-top-column elementor-element elementor-element-1f6000f\" data-id=\"1f6000f\" data-element_type=\"column\" data-e-type=\"column\">\n\t\t\t<div class=\"elementor-widget-wrap elementor-element-populated\">\n\t\t\t\t\t\t<div class=\"elementor-element elementor-element-7d05f0a elementor-widget elementor-widget-image\" data-id=\"7d05f0a\" data-element_type=\"widget\" data-e-type=\"widget\" data-widget_type=\"image.default\">\n\t\t\t\t<div class=\"elementor-widget-container\">\n\t\t\t\t\t\t\t\t\t\t\t\t\t\t\t\t<a href=\"https:\/\/www.fesc.edu.co\/micrositios\/logistica\/contacto\/\">\n\t\t\t\t\t\t\t<img decoding=\"async\" src=\"https:\/\/www.fesc.edu.co\/micrositios\/logistica\/wp-content\/uploads\/sites\/19\/elementor\/thumbs\/contacto-r1gayzo0oxgwhvkl77uvsi16v0q1q6qegg3u48m0o8.png\" title=\"contacto\" alt=\"contacto\" class=\"elementor-animation-shrink\" loading=\"lazy\" \/>\t\t\t\t\t\t\t\t<\/a>\n\t\t\t\t\t\t\t\t\t\t\t\t\t\t\t<\/div>\n\t\t\t\t<\/div>\n\t\t\t\t<div class=\"elementor-element elementor-element-79277c3 elementor-widget elementor-widget-text-editor\" data-id=\"79277c3\" data-element_type=\"widget\" data-e-type=\"widget\" data-widget_type=\"text-editor.default\">\n\t\t\t\t<div class=\"elementor-widget-container\">\n\t\t\t\t\t\t\t\t\t<h6>Contacto<\/h6>\t\t\t\t\t\t\t\t<\/div>\n\t\t\t\t<\/div>\n\t\t\t\t\t<\/div>\n\t\t<\/div>\n\t\t\t\t\t<\/div>\n\t\t<\/section>\n\t\t\t\t<section class=\"elementor-section elementor-top-section elementor-element elementor-element-73bb96b elementor-hidden-desktop elementor-hidden-tablet elementor-section-boxed elementor-section-height-default elementor-section-height-default\" data-id=\"73bb96b\" data-element_type=\"section\" data-e-type=\"section\">\n\t\t\t\t\t\t<div class=\"elementor-container elementor-column-gap-default\">\n\t\t\t\t\t<div class=\"elementor-column elementor-col-100 elementor-top-column elementor-element elementor-element-308cc7e\" data-id=\"308cc7e\" data-element_type=\"column\" data-e-type=\"column\">\n\t\t\t<div class=\"elementor-widget-wrap elementor-element-populated\">\n\t\t\t\t\t\t<div class=\"elementor-element elementor-element-9a60cdb elementor-widget elementor-widget-html\" data-id=\"9a60cdb\" data-element_type=\"widget\" data-e-type=\"widget\" data-widget_type=\"html.default\">\n\t\t\t\t<div class=\"elementor-widget-container\">\n\t\t\t\t\t<div class=\"MN\">\n    <a href=\"https:\/\/www.fesc.edu.co\/micrositios\/logistica\/\"><img decoding=\"async\" src=\"https:\/\/www.fesc.edu.co\/micrositios\/logistica\/wp-content\/uploads\/sites\/19\/2025\/02\/programa.png\">Programa<\/a>\n    <a href=\"https:\/\/www.fesc.edu.co\/micrositios\/logistica\/plan-de-estudios\/\"><img decoding=\"async\" src=\"https:\/\/www.fesc.edu.co\/micrositios\/logistica\/wp-content\/uploads\/sites\/19\/2025\/02\/plandeestudios_hover.png\">Plan de estudios<\/a>\n    <!--\n    <a href=\"https:\/\/www.fesc.edu.co\/micrositios\/logistica\/docentes-2\/\"><img decoding=\"async\" src=\"https:\/\/www.fesc.edu.co\/micrositios\/logistica\/wp-content\/uploads\/sites\/19\/2025\/02\/docentes.png\">Docentes<\/a>\n    \n    \n    \n    <a href=\"https:\/\/www.fesc.edu.co\/micrositios\/logistica\/informacion-2\/\"><img decoding=\"async\" src=\"https:\/\/www.fesc.edu.co\/micrositios\/logistica\/wp-content\/uploads\/sites\/19\/2025\/02\/novedades.png\">Novedades<\/a>!-->\n    <a href=\"https:\/\/www.fesc.edu.co\/micrositios\/logistica\/contacto-2\/\"><img decoding=\"async\" src=\"https:\/\/www.fesc.edu.co\/micrositios\/logistica\/wp-content\/uploads\/sites\/19\/2025\/02\/contacto.png\">Contacto<\/a>\n    \n<\/div>\n\n<style>\n    .MN{\n        margin: 2%;\n        display: grid;\n        grid-template-columns: 2fr 2fr;\n        row-gap: 10px;\n        font-size: 12px;\n    }\n    .MN img{\n        width: 20%;\n    }\n<\/style>\t\t\t\t<\/div>\n\t\t\t\t<\/div>\n\t\t\t\t\t<\/div>\n\t\t<\/div>\n\t\t\t\t\t<\/div>\n\t\t<\/section>\n\t\t\t\t<section class=\"elementor-section elementor-top-section elementor-element elementor-element-33bd9df elementor-section-boxed elementor-section-height-default elementor-section-height-default\" data-id=\"33bd9df\" data-element_type=\"section\" data-e-type=\"section\">\n\t\t\t\t\t\t<div class=\"elementor-container elementor-column-gap-default\">\n\t\t\t\t\t<div class=\"elementor-column elementor-col-100 elementor-top-column elementor-element elementor-element-5a77bb3\" data-id=\"5a77bb3\" data-element_type=\"column\" data-e-type=\"column\">\n\t\t\t<div class=\"elementor-widget-wrap elementor-element-populated\">\n\t\t\t\t\t\t<div class=\"elementor-element elementor-element-86fa41d elementor-widget elementor-widget-heading\" data-id=\"86fa41d\" data-element_type=\"widget\" data-e-type=\"widget\" data-widget_type=\"heading.default\">\n\t\t\t\t<div class=\"elementor-widget-container\">\n\t\t\t\t\t<h3 class=\"elementor-heading-title elementor-size-default\">Nuestro Plan de Estudio por Ciclos Proped\u00e9uticos y Niveles de Formaci\u00f3n<\/h3>\t\t\t\t<\/div>\n\t\t\t\t<\/div>\n\t\t\t\t\t<\/div>\n\t\t<\/div>\n\t\t\t\t\t<\/div>\n\t\t<\/section>\n\t\t\t\t<section class=\"elementor-section elementor-top-section elementor-element elementor-element-0eaed84 elementor-section-boxed elementor-section-height-default elementor-section-height-default\" data-id=\"0eaed84\" data-element_type=\"section\" data-e-type=\"section\">\n\t\t\t\t\t\t<div class=\"elementor-container elementor-column-gap-default\">\n\t\t\t\t\t<div class=\"elementor-column elementor-col-100 elementor-top-column elementor-element elementor-element-76ff108\" data-id=\"76ff108\" data-element_type=\"column\" data-e-type=\"column\">\n\t\t\t<div class=\"elementor-widget-wrap elementor-element-populated\">\n\t\t\t\t\t\t<div class=\"elementor-element elementor-element-d1ee246 elementor-align-center elementor-widget elementor-widget-button\" data-id=\"d1ee246\" data-element_type=\"widget\" data-e-type=\"widget\" data-widget_type=\"button.default\">\n\t\t\t\t<div class=\"elementor-widget-container\">\n\t\t\t\t\t\t\t\t\t<div class=\"elementor-button-wrapper\">\n\t\t\t\t\t<a class=\"elementor-button elementor-button-link elementor-size-sm elementor-animation-pulse\" href=\"https:\/\/www.fesc.edu.co\/micrositios\/logistica\/wp-content\/uploads\/sites\/19\/2025\/06\/marco_logistica.pdf\" target=\"_blank\">\n\t\t\t\t\t\t<span class=\"elementor-button-content-wrapper\">\n\t\t\t\t\t\t\t\t\t<span class=\"elementor-button-text\">Conozca el marco proped\u00e9utico<\/span>\n\t\t\t\t\t<\/span>\n\t\t\t\t\t<\/a>\n\t\t\t\t<\/div>\n\t\t\t\t\t\t\t\t<\/div>\n\t\t\t\t<\/div>\n\t\t\t\t\t<\/div>\n\t\t<\/div>\n\t\t\t\t\t<\/div>\n\t\t<\/section>\n\t\t\t\t<section class=\"elementor-section elementor-top-section elementor-element elementor-element-db84387 elementor-hidden-mobile elementor-section-boxed elementor-section-height-default elementor-section-height-default\" data-id=\"db84387\" data-element_type=\"section\" data-e-type=\"section\">\n\t\t\t\t\t\t<div class=\"elementor-container elementor-column-gap-default\">\n\t\t\t\t\t<div class=\"elementor-column elementor-col-100 elementor-top-column elementor-element elementor-element-57484ce\" data-id=\"57484ce\" data-element_type=\"column\" data-e-type=\"column\">\n\t\t\t<div class=\"elementor-widget-wrap elementor-element-populated\">\n\t\t\t\t\t\t<div class=\"elementor-element elementor-element-7083ab6 elementor-widget elementor-widget-image\" data-id=\"7083ab6\" data-element_type=\"widget\" data-e-type=\"widget\" data-widget_type=\"image.default\">\n\t\t\t\t<div class=\"elementor-widget-container\">\n\t\t\t\t\t\t\t\t\t\t\t\t\t\t\t\t<a href=\"https:\/\/www.fesc.edu.co\/micrositios\/logistica\/wp-content\/uploads\/sites\/19\/2026\/01\/PLAN-DE-ESTUDIO-FESC-LOGISTICA-VIRTUAL.jpg\" data-elementor-open-lightbox=\"yes\" data-elementor-lightbox-title=\"PLAN-DE-ESTUDIO-FESC-LOGISTICA-VIRTUAL\" data-e-action-hash=\"#elementor-action%3Aaction%3Dlightbox%26settings%3DeyJpZCI6MTE4OCwidXJsIjoiaHR0cHM6XC9cL3d3dy5mZXNjLmVkdS5jb1wvbWljcm9zaXRpb3NcL2xvZ2lzdGljYVwvd3AtY29udGVudFwvdXBsb2Fkc1wvc2l0ZXNcLzE5XC8yMDI2XC8wMVwvUExBTi1ERS1FU1RVRElPLUZFU0MtTE9HSVNUSUNBLVZJUlRVQUwuanBnIn0%3D\">\n\t\t\t\t\t\t\t<img fetchpriority=\"high\" decoding=\"async\" width=\"1718\" height=\"1430\" src=\"https:\/\/www.fesc.edu.co\/micrositios\/logistica\/wp-content\/uploads\/sites\/19\/2026\/01\/PLAN-DE-ESTUDIO-FESC-LOGISTICA-VIRTUAL.jpg\" class=\"attachment-2048x2048 size-2048x2048 wp-image-1188\" alt=\"\" srcset=\"https:\/\/www.fesc.edu.co\/micrositios\/logistica\/wp-content\/uploads\/sites\/19\/2026\/01\/PLAN-DE-ESTUDIO-FESC-LOGISTICA-VIRTUAL.jpg 1718w, https:\/\/www.fesc.edu.co\/micrositios\/logistica\/wp-content\/uploads\/sites\/19\/2026\/01\/PLAN-DE-ESTUDIO-FESC-LOGISTICA-VIRTUAL-300x250.jpg 300w, https:\/\/www.fesc.edu.co\/micrositios\/logistica\/wp-content\/uploads\/sites\/19\/2026\/01\/PLAN-DE-ESTUDIO-FESC-LOGISTICA-VIRTUAL-1024x852.jpg 1024w, https:\/\/www.fesc.edu.co\/micrositios\/logistica\/wp-content\/uploads\/sites\/19\/2026\/01\/PLAN-DE-ESTUDIO-FESC-LOGISTICA-VIRTUAL-768x639.jpg 768w, https:\/\/www.fesc.edu.co\/micrositios\/logistica\/wp-content\/uploads\/sites\/19\/2026\/01\/PLAN-DE-ESTUDIO-FESC-LOGISTICA-VIRTUAL-1536x1279.jpg 1536w, https:\/\/www.fesc.edu.co\/micrositios\/logistica\/wp-content\/uploads\/sites\/19\/2026\/01\/PLAN-DE-ESTUDIO-FESC-LOGISTICA-VIRTUAL-1568x1305.jpg 1568w\" sizes=\"(max-width: 1718px) 100vw, 1718px\" style=\"width:100%;height:83.24%;max-width:1718px\" \/>\t\t\t\t\t\t\t\t<\/a>\n\t\t\t\t\t\t\t\t\t\t\t\t\t\t\t<\/div>\n\t\t\t\t<\/div>\n\t\t\t\t\t<\/div>\n\t\t<\/div>\n\t\t\t\t\t<\/div>\n\t\t<\/section>\n\t\t\t\t<section class=\"elementor-section elementor-top-section elementor-element elementor-element-25cfe61 elementor-hidden-desktop elementor-hidden-tablet elementor-section-boxed elementor-section-height-default elementor-section-height-default\" data-id=\"25cfe61\" data-element_type=\"section\" data-e-type=\"section\">\n\t\t\t\t\t\t<div class=\"elementor-container elementor-column-gap-default\">\n\t\t\t\t\t<div class=\"elementor-column elementor-col-100 elementor-top-column elementor-element elementor-element-df55edd\" data-id=\"df55edd\" data-element_type=\"column\" data-e-type=\"column\">\n\t\t\t<div class=\"elementor-widget-wrap elementor-element-populated\">\n\t\t\t\t\t\t<div class=\"elementor-element elementor-element-16ecd11 elementor-widget elementor-widget-text-editor\" data-id=\"16ecd11\" data-element_type=\"widget\" data-e-type=\"widget\" data-widget_type=\"text-editor.default\">\n\t\t\t\t<div class=\"elementor-widget-container\">\n\t\t\t\t\t\t\t\t\t<p><a href=\"https:\/\/www.fesc.edu.co\/micrositios\/logistica\/wp-content\/uploads\/sites\/19\/2025\/04\/PLAN-DE-ESTUDIO-FESC-Paguina07-Financiera-2025.jpg\"><img decoding=\"async\" class=\"alignnone wp-image-1110 size-full\" src=\"https:\/\/www.fesc.edu.co\/micrositios\/logistica\/wp-content\/uploads\/sites\/19\/2025\/04\/PLAN-DE-ESTUDIO-FESC-Paguina07-Financiera-2025.jpg\" alt=\"\" width=\"576\" height=\"792\" srcset=\"https:\/\/www.fesc.edu.co\/micrositios\/logistica\/wp-content\/uploads\/sites\/19\/2025\/04\/PLAN-DE-ESTUDIO-FESC-Paguina07-Financiera-2025.jpg 576w, https:\/\/www.fesc.edu.co\/micrositios\/logistica\/wp-content\/uploads\/sites\/19\/2025\/04\/PLAN-DE-ESTUDIO-FESC-Paguina07-Financiera-2025-218x300.jpg 218w\" sizes=\"(max-width: 576px) 100vw, 576px\" \/><\/a><\/p><p>\u00a0<\/p><p><a href=\"https:\/\/www.fesc.edu.co\/micrositios\/logistica\/wp-content\/uploads\/sites\/19\/2025\/04\/PLAN-DE-ESTUDIO-FESC-Paguina08-Financiera-2025.jpg\"><img decoding=\"async\" class=\"alignnone wp-image-1111 size-full\" src=\"https:\/\/www.fesc.edu.co\/micrositios\/logistica\/wp-content\/uploads\/sites\/19\/2025\/04\/PLAN-DE-ESTUDIO-FESC-Paguina08-Financiera-2025.jpg\" alt=\"\" width=\"576\" height=\"792\" srcset=\"https:\/\/www.fesc.edu.co\/micrositios\/logistica\/wp-content\/uploads\/sites\/19\/2025\/04\/PLAN-DE-ESTUDIO-FESC-Paguina08-Financiera-2025.jpg 576w, https:\/\/www.fesc.edu.co\/micrositios\/logistica\/wp-content\/uploads\/sites\/19\/2025\/04\/PLAN-DE-ESTUDIO-FESC-Paguina08-Financiera-2025-218x300.jpg 218w\" sizes=\"(max-width: 576px) 100vw, 576px\" \/><\/a><\/p><p><a href=\"https:\/\/www.fesc.edu.co\/micrositios\/logistica\/wp-content\/uploads\/sites\/19\/2025\/04\/PLAN-DE-ESTUDIO-FESC-Paguina09-Financiera-2025.jpg\"><img loading=\"lazy\" decoding=\"async\" class=\"alignnone wp-image-1112 size-full\" src=\"https:\/\/www.fesc.edu.co\/micrositios\/logistica\/wp-content\/uploads\/sites\/19\/2025\/04\/PLAN-DE-ESTUDIO-FESC-Paguina09-Financiera-2025.jpg\" alt=\"\" width=\"576\" height=\"792\" srcset=\"https:\/\/www.fesc.edu.co\/micrositios\/logistica\/wp-content\/uploads\/sites\/19\/2025\/04\/PLAN-DE-ESTUDIO-FESC-Paguina09-Financiera-2025.jpg 576w, https:\/\/www.fesc.edu.co\/micrositios\/logistica\/wp-content\/uploads\/sites\/19\/2025\/04\/PLAN-DE-ESTUDIO-FESC-Paguina09-Financiera-2025-218x300.jpg 218w\" sizes=\"(max-width: 576px) 100vw, 576px\" \/><\/a><\/p>\t\t\t\t\t\t\t\t<\/div>\n\t\t\t\t<\/div>\n\t\t\t\t\t<\/div>\n\t\t<\/div>\n\t\t\t\t\t<\/div>\n\t\t<\/section>\n\t\t\t\t<\/div>\n\t\t","protected":false},"excerpt":{"rendered":"<p>Programa Plan de estudios Docentes Novedades Contacto Programa Plan de estudios Contacto Nuestro Plan de Estudio por Ciclos Proped\u00e9uticos y Niveles de Formaci\u00f3n Conozca el marco proped\u00e9utico \u00a0<\/p>\n","protected":false},"author":1,"featured_media":0,"parent":0,"menu_order":0,"comment_status":"closed","ping_status":"closed","template":"elementor_header_footer","meta":{"footnotes":""},"class_list":["post-46","page","type-page","status-publish","hentry","entry"],"_links":{"self":[{"href":"https:\/\/www.fesc.edu.co\/micrositios\/logistica\/wp-json\/wp\/v2\/pages\/46","targetHints":{"allow":["GET"]}}],"collection":[{"href":"https:\/\/www.fesc.edu.co\/micrositios\/logistica\/wp-json\/wp\/v2\/pages"}],"about":[{"href":"https:\/\/www.fesc.edu.co\/micrositios\/logistica\/wp-json\/wp\/v2\/types\/page"}],"author":[{"embeddable":true,"href":"https:\/\/www.fesc.edu.co\/micrositios\/logistica\/wp-json\/wp\/v2\/users\/1"}],"replies":[{"embeddable":true,"href":"https:\/\/www.fesc.edu.co\/micrositios\/logistica\/wp-json\/wp\/v2\/comments?post=46"}],"version-history":[{"count":66,"href":"https:\/\/www.fesc.edu.co\/micrositios\/logistica\/wp-json\/wp\/v2\/pages\/46\/revisions"}],"predecessor-version":[{"id":1202,"href":"https:\/\/www.fesc.edu.co\/micrositios\/logistica\/wp-json\/wp\/v2\/pages\/46\/revisions\/1202"}],"wp:attachment":[{"href":"https:\/\/www.fesc.edu.co\/micrositios\/logistica\/wp-json\/wp\/v2\/media?parent=46"}],"curies":[{"name":"wp","href":"https:\/\/api.w.org\/{rel}","templated":true}]}}