{"id":63,"date":"2023-03-23T05:52:10","date_gmt":"2023-03-23T05:52:10","guid":{"rendered":"https:\/\/www.fesc.edu.co\/micrositios\/negocios-distancia\/?page_id=63"},"modified":"2026-01-22T13:59:07","modified_gmt":"2026-01-22T18:59:07","slug":"plan-de-estudios","status":"publish","type":"page","link":"https:\/\/www.fesc.edu.co\/micrositios\/negocios-virtual\/plan-de-estudios\/","title":{"rendered":"Plan de est\u00fadios"},"content":{"rendered":"\t\t<div data-elementor-type=\"wp-page\" data-elementor-id=\"63\" class=\"elementor elementor-63\" data-elementor-post-type=\"page\">\n\t\t\t\t\t\t<section class=\"elementor-section elementor-top-section elementor-element elementor-element-3c98ba8 elementor-section-full_width elementor-section-height-default elementor-section-height-default\" data-id=\"3c98ba8\" data-element_type=\"section\" data-e-type=\"section\">\n\t\t\t\t\t\t<div class=\"elementor-container elementor-column-gap-no\">\n\t\t\t\t\t<div class=\"elementor-column elementor-col-100 elementor-top-column elementor-element elementor-element-8d250a9\" data-id=\"8d250a9\" data-element_type=\"column\" data-e-type=\"column\">\n\t\t\t<div class=\"elementor-widget-wrap elementor-element-populated\">\n\t\t\t\t\t\t<div class=\"elementor-element elementor-element-eaddfab elementor-arrows-position-inside elementor-pagination-position-outside elementor-widget elementor-widget-image-carousel\" data-id=\"eaddfab\" data-element_type=\"widget\" data-e-type=\"widget\" data-settings=\"{&quot;slides_to_show&quot;:&quot;1&quot;,&quot;navigation&quot;:&quot;both&quot;,&quot;autoplay&quot;:&quot;yes&quot;,&quot;pause_on_hover&quot;:&quot;yes&quot;,&quot;pause_on_interaction&quot;:&quot;yes&quot;,&quot;autoplay_speed&quot;:5000,&quot;infinite&quot;:&quot;yes&quot;,&quot;effect&quot;:&quot;slide&quot;,&quot;speed&quot;:500}\" data-widget_type=\"image-carousel.default\">\n\t\t\t\t<div class=\"elementor-widget-container\">\n\t\t\t\t\t\t\t<div class=\"elementor-image-carousel-wrapper swiper\" role=\"region\" aria-roledescription=\"carousel\" aria-label=\"Carrusel de im\u00e1genes\" dir=\"ltr\">\n\t\t\t<div class=\"elementor-image-carousel swiper-wrapper swiper-image-stretch\" aria-live=\"off\">\n\t\t\t\t\t\t\t\t<div class=\"swiper-slide\" role=\"group\" aria-roledescription=\"slide\" aria-label=\"1 de 1\"><figure class=\"swiper-slide-inner\"><img decoding=\"async\" class=\"swiper-slide-image\" src=\"https:\/\/www.fesc.edu.co\/micrositios\/negocios-virtual\/wp-content\/uploads\/sites\/20\/2025\/06\/PLAN-DE-ESTUDIOS-1.jpg\" alt=\"PLAN DE ESTUDIOS\" \/><\/figure><\/div>\t\t\t<\/div>\n\t\t\t\t\t<\/div>\n\t\t\t\t\t\t<\/div>\n\t\t\t\t<\/div>\n\t\t\t\t\t<\/div>\n\t\t<\/div>\n\t\t\t\t\t<\/div>\n\t\t<\/section>\n\t\t\t\t<section class=\"elementor-section elementor-top-section elementor-element elementor-element-e11a5bd elementor-section-height-min-height elementor-hidden-phone elementor-section-boxed elementor-section-height-default elementor-section-items-middle elementor-invisible\" data-id=\"e11a5bd\" data-element_type=\"section\" data-e-type=\"section\" data-settings=\"{&quot;animation&quot;:&quot;bounceIn&quot;}\">\n\t\t\t\t\t\t<div class=\"elementor-container elementor-column-gap-default\">\n\t\t\t\t\t<div class=\"elementor-column elementor-col-20 elementor-top-column elementor-element elementor-element-1746ebc\" data-id=\"1746ebc\" data-element_type=\"column\" data-e-type=\"column\">\n\t\t\t<div class=\"elementor-widget-wrap elementor-element-populated\">\n\t\t\t\t\t\t<div class=\"elementor-element elementor-element-2a9be7b elementor-widget elementor-widget-image\" data-id=\"2a9be7b\" data-element_type=\"widget\" data-e-type=\"widget\" data-widget_type=\"image.default\">\n\t\t\t\t<div class=\"elementor-widget-container\">\n\t\t\t\t\t\t\t\t\t\t\t\t\t\t\t\t<a href=\"https:\/\/www.fesc.edu.co\/micrositios\/negocios-virtual\/\">\n\t\t\t\t\t\t\t<img decoding=\"async\" src=\"https:\/\/www.fesc.edu.co\/micrositios\/negocios-virtual\/wp-content\/uploads\/sites\/20\/elementor\/thumbs\/programa-r1gcgnactgx58jmsvwt7mglflu9c46qsu0qnbv1zhk.png\" title=\"programa\" alt=\"programa\" class=\"elementor-animation-shrink\" loading=\"lazy\" \/>\t\t\t\t\t\t\t\t<\/a>\n\t\t\t\t\t\t\t\t\t\t\t\t\t\t\t<\/div>\n\t\t\t\t<\/div>\n\t\t\t\t<div class=\"elementor-element elementor-element-d62187d elementor-widget elementor-widget-text-editor\" data-id=\"d62187d\" data-element_type=\"widget\" data-e-type=\"widget\" data-widget_type=\"text-editor.default\">\n\t\t\t\t<div class=\"elementor-widget-container\">\n\t\t\t\t\t\t\t\t\t<h6>Programa<\/h6>\t\t\t\t\t\t\t\t<\/div>\n\t\t\t\t<\/div>\n\t\t\t\t\t<\/div>\n\t\t<\/div>\n\t\t\t\t<div class=\"elementor-column elementor-col-20 elementor-top-column elementor-element elementor-element-bb2d968\" data-id=\"bb2d968\" data-element_type=\"column\" data-e-type=\"column\">\n\t\t\t<div class=\"elementor-widget-wrap elementor-element-populated\">\n\t\t\t\t\t\t<div class=\"elementor-element elementor-element-195cb4e elementor-widget elementor-widget-image\" data-id=\"195cb4e\" data-element_type=\"widget\" data-e-type=\"widget\" data-widget_type=\"image.default\">\n\t\t\t\t<div class=\"elementor-widget-container\">\n\t\t\t\t\t\t\t\t\t\t\t\t\t\t\t\t<a href=\"https:\/\/www.fesc.edu.co\/micrositios\/negocios-virtual\/plan-de-estudios\/\">\n\t\t\t\t\t\t\t<img decoding=\"async\" src=\"https:\/\/www.fesc.edu.co\/micrositios\/negocios-virtual\/wp-content\/uploads\/sites\/20\/elementor\/thumbs\/plandeestudios_hover-r1gcgkgu8yta9pqwcdlbwzb1ton8h3fltms6w16608.png\" title=\"plandeestudios_hover\" alt=\"plandeestudios_hover\" class=\"elementor-animation-shrink\" loading=\"lazy\" \/>\t\t\t\t\t\t\t\t<\/a>\n\t\t\t\t\t\t\t\t\t\t\t\t\t\t\t<\/div>\n\t\t\t\t<\/div>\n\t\t\t\t<div class=\"elementor-element elementor-element-a4e5a80 elementor-widget elementor-widget-text-editor\" data-id=\"a4e5a80\" data-element_type=\"widget\" data-e-type=\"widget\" data-widget_type=\"text-editor.default\">\n\t\t\t\t<div class=\"elementor-widget-container\">\n\t\t\t\t\t\t\t\t\t<h6>Plan de estudios<\/h6>\t\t\t\t\t\t\t\t<\/div>\n\t\t\t\t<\/div>\n\t\t\t\t\t<\/div>\n\t\t<\/div>\n\t\t\t\t<div class=\"elementor-column elementor-col-20 elementor-top-column elementor-element elementor-element-110ebb5\" data-id=\"110ebb5\" data-element_type=\"column\" data-e-type=\"column\">\n\t\t\t<div class=\"elementor-widget-wrap elementor-element-populated\">\n\t\t\t\t\t\t<div class=\"elementor-element elementor-element-681115b elementor-widget elementor-widget-image\" data-id=\"681115b\" data-element_type=\"widget\" data-e-type=\"widget\" data-widget_type=\"image.default\">\n\t\t\t\t<div class=\"elementor-widget-container\">\n\t\t\t\t\t\t\t\t\t\t\t\t\t\t\t\t<a href=\"https:\/\/www.fesc.edu.co\/micrositios\/negocios-virtual\/docentes\">\n\t\t\t\t\t\t\t<img decoding=\"async\" src=\"https:\/\/www.fesc.edu.co\/micrositios\/negocios-virtual\/wp-content\/uploads\/sites\/20\/elementor\/thumbs\/docentes-r6vth29h4lwefk5xi8pm0wp20n0y2avit28uqok1k8.png\" title=\"docentes\" alt=\"docentes\" class=\"elementor-animation-shrink\" loading=\"lazy\" \/>\t\t\t\t\t\t\t\t<\/a>\n\t\t\t\t\t\t\t\t\t\t\t\t\t\t\t<\/div>\n\t\t\t\t<\/div>\n\t\t\t\t<div class=\"elementor-element elementor-element-5858084 elementor-widget elementor-widget-text-editor\" data-id=\"5858084\" data-element_type=\"widget\" data-e-type=\"widget\" data-widget_type=\"text-editor.default\">\n\t\t\t\t<div class=\"elementor-widget-container\">\n\t\t\t\t\t\t\t\t\t<h6>Docentes<\/h6>\t\t\t\t\t\t\t\t<\/div>\n\t\t\t\t<\/div>\n\t\t\t\t\t<\/div>\n\t\t<\/div>\n\t\t\t\t<div class=\"elementor-column elementor-col-20 elementor-top-column elementor-element elementor-element-39bd701\" data-id=\"39bd701\" data-element_type=\"column\" data-e-type=\"column\">\n\t\t\t<div class=\"elementor-widget-wrap elementor-element-populated\">\n\t\t\t\t\t\t<div class=\"elementor-element elementor-element-7578622 elementor-widget elementor-widget-image\" data-id=\"7578622\" data-element_type=\"widget\" data-e-type=\"widget\" data-widget_type=\"image.default\">\n\t\t\t\t<div class=\"elementor-widget-container\">\n\t\t\t\t\t\t\t\t\t\t\t\t\t\t\t\t<a href=\"https:\/\/www.fesc.edu.co\/micrositios\/negocios-virtual\/informacion\/\">\n\t\t\t\t\t\t\t<img decoding=\"async\" src=\"https:\/\/www.fesc.edu.co\/micrositios\/negocios-virtual\/wp-content\/uploads\/sites\/20\/elementor\/thumbs\/novedades-r1gcgjj024rzy3s9hv6pchjl8arv9ebvhi4per7k6g.png\" title=\"novedades\" alt=\"novedades\" class=\"elementor-animation-shrink\" loading=\"lazy\" \/>\t\t\t\t\t\t\t\t<\/a>\n\t\t\t\t\t\t\t\t\t\t\t\t\t\t\t<\/div>\n\t\t\t\t<\/div>\n\t\t\t\t<div class=\"elementor-element elementor-element-4045f61 elementor-widget elementor-widget-text-editor\" data-id=\"4045f61\" data-element_type=\"widget\" data-e-type=\"widget\" data-widget_type=\"text-editor.default\">\n\t\t\t\t<div class=\"elementor-widget-container\">\n\t\t\t\t\t\t\t\t\t<h6>Novedades<\/h6>\t\t\t\t\t\t\t\t<\/div>\n\t\t\t\t<\/div>\n\t\t\t\t\t<\/div>\n\t\t<\/div>\n\t\t\t\t<div class=\"elementor-column elementor-col-20 elementor-top-column elementor-element elementor-element-ba25f71\" data-id=\"ba25f71\" data-element_type=\"column\" data-e-type=\"column\">\n\t\t\t<div class=\"elementor-widget-wrap elementor-element-populated\">\n\t\t\t\t\t\t<div class=\"elementor-element elementor-element-49e5bf6 elementor-widget elementor-widget-image\" data-id=\"49e5bf6\" data-element_type=\"widget\" data-e-type=\"widget\" data-widget_type=\"image.default\">\n\t\t\t\t<div class=\"elementor-widget-container\">\n\t\t\t\t\t\t\t\t\t\t\t\t\t\t\t\t<a href=\"https:\/\/www.fesc.edu.co\/micrositios\/negocios-virtual\/contacto-2\/\">\n\t\t\t\t\t\t\t<img decoding=\"async\" src=\"https:\/\/www.fesc.edu.co\/micrositios\/negocios-virtual\/wp-content\/uploads\/sites\/20\/elementor\/thumbs\/contacto-r1gcgett3ylkc1z39b5ki0qa9df16wt7suva0dej1k.png\" title=\"contacto\" alt=\"contacto\" class=\"elementor-animation-shrink\" loading=\"lazy\" \/>\t\t\t\t\t\t\t\t<\/a>\n\t\t\t\t\t\t\t\t\t\t\t\t\t\t\t<\/div>\n\t\t\t\t<\/div>\n\t\t\t\t<div class=\"elementor-element elementor-element-3d99798 elementor-widget elementor-widget-text-editor\" data-id=\"3d99798\" data-element_type=\"widget\" data-e-type=\"widget\" data-widget_type=\"text-editor.default\">\n\t\t\t\t<div class=\"elementor-widget-container\">\n\t\t\t\t\t\t\t\t\t<h6>Contacto<\/h6>\t\t\t\t\t\t\t\t<\/div>\n\t\t\t\t<\/div>\n\t\t\t\t\t<\/div>\n\t\t<\/div>\n\t\t\t\t\t<\/div>\n\t\t<\/section>\n\t\t\t\t<section class=\"elementor-section elementor-top-section elementor-element elementor-element-b564430 elementor-hidden-desktop elementor-hidden-tablet elementor-section-boxed elementor-section-height-default elementor-section-height-default\" data-id=\"b564430\" data-element_type=\"section\" data-e-type=\"section\">\n\t\t\t\t\t\t<div class=\"elementor-container elementor-column-gap-default\">\n\t\t\t\t\t<div class=\"elementor-column elementor-col-100 elementor-top-column elementor-element elementor-element-3eecb63\" data-id=\"3eecb63\" data-element_type=\"column\" data-e-type=\"column\">\n\t\t\t<div class=\"elementor-widget-wrap elementor-element-populated\">\n\t\t\t\t\t\t<div class=\"elementor-element elementor-element-7a8425e elementor-widget elementor-widget-html\" data-id=\"7a8425e\" data-element_type=\"widget\" data-e-type=\"widget\" data-widget_type=\"html.default\">\n\t\t\t\t<div class=\"elementor-widget-container\">\n\t\t\t\t\t<div class=\"MN\">\n    <a href=\"https:\/\/www.fesc.edu.co\/micrositios\/negocios-virtual\/\"><img decoding=\"async\" src=\"https:\/\/www.fesc.edu.co\/micrositios\/negocios-virtual\/wp-content\/uploads\/sites\/20\/2025\/02\/programa.png\">Programa<\/a>\n    <a href=\"https:\/\/www.fesc.edu.co\/micrositios\/negocios-virtual\/plan-de-estudios\/\"><img decoding=\"async\" src=\"https:\/\/www.fesc.edu.co\/micrositios\/negocios-virtual\/wp-content\/uploads\/sites\/20\/2025\/02\/plandeestudios_hover.png\">Plan de estudios<\/a>\n    \n    <a href=\"https:\/\/www.fesc.edu.co\/micrositios\/negocios-virtual\/docentes-2\/\"><img decoding=\"async\" src=\"https:\/\/www.fesc.edu.co\/micrositios\/negocios-virtual\/wp-content\/uploads\/sites\/20\/2025\/02\/docentes.png\">Docentes<\/a>\n    \n    \n    \n    <a href=\"https:\/\/www.fesc.edu.co\/micrositios\/negocios-virtual\/informacion-2\/\"><img decoding=\"async\" src=\"https:\/\/www.fesc.edu.co\/micrositios\/negocios-virtual\/wp-content\/uploads\/sites\/20\/2025\/02\/novedades.png\">Novedades<\/a>\n    <a href=\"https:\/\/www.fesc.edu.co\/micrositios\/negocios-virtual\/contacto-2\/\"><img decoding=\"async\" src=\"https:\/\/www.fesc.edu.co\/micrositios\/negocios-virtual\/wp-content\/uploads\/sites\/20\/2025\/02\/contacto.png\">Contacto<\/a>\n    \n<\/div>\n\n<style>\n    .MN{\n        margin: 2%;\n        display: grid;\n        grid-template-columns: 2fr 2fr;\n        row-gap: 10px;\n        font-size: 12px;\n    }\n    .MN img{\n        width: 20%;\n    }\n<\/style>\t\t\t\t<\/div>\n\t\t\t\t<\/div>\n\t\t\t\t\t<\/div>\n\t\t<\/div>\n\t\t\t\t\t<\/div>\n\t\t<\/section>\n\t\t\t\t<section class=\"elementor-section elementor-top-section elementor-element elementor-element-33d0701 elementor-section-boxed elementor-section-height-default elementor-section-height-default\" data-id=\"33d0701\" data-element_type=\"section\" data-e-type=\"section\">\n\t\t\t\t\t\t<div class=\"elementor-container elementor-column-gap-default\">\n\t\t\t\t\t<div class=\"elementor-column elementor-col-100 elementor-top-column elementor-element elementor-element-8ccb5fd\" data-id=\"8ccb5fd\" data-element_type=\"column\" data-e-type=\"column\">\n\t\t\t<div class=\"elementor-widget-wrap elementor-element-populated\">\n\t\t\t\t\t\t<div class=\"elementor-element elementor-element-2796573 elementor-widget elementor-widget-heading\" data-id=\"2796573\" data-element_type=\"widget\" data-e-type=\"widget\" data-widget_type=\"heading.default\">\n\t\t\t\t<div class=\"elementor-widget-container\">\n\t\t\t\t\t<h3 class=\"elementor-heading-title elementor-size-default\">Nuestro Plan de Estudio por Ciclos Proped\u00e9uticos y Niveles de Formaci\u00f3n<\/h3>\t\t\t\t<\/div>\n\t\t\t\t<\/div>\n\t\t\t\t\t<\/div>\n\t\t<\/div>\n\t\t\t\t\t<\/div>\n\t\t<\/section>\n\t\t\t\t<section class=\"elementor-section elementor-top-section elementor-element elementor-element-415f90f elementor-section-boxed elementor-section-height-default elementor-section-height-default\" data-id=\"415f90f\" data-element_type=\"section\" data-e-type=\"section\">\n\t\t\t\t\t\t<div class=\"elementor-container elementor-column-gap-default\">\n\t\t\t\t\t<div class=\"elementor-column elementor-col-100 elementor-top-column elementor-element elementor-element-d5e74b9\" data-id=\"d5e74b9\" data-element_type=\"column\" data-e-type=\"column\">\n\t\t\t<div class=\"elementor-widget-wrap elementor-element-populated\">\n\t\t\t\t\t\t<div class=\"elementor-element elementor-element-9d9ab68 elementor-align-center elementor-widget elementor-widget-button\" data-id=\"9d9ab68\" data-element_type=\"widget\" data-e-type=\"widget\" data-widget_type=\"button.default\">\n\t\t\t\t<div class=\"elementor-widget-container\">\n\t\t\t\t\t\t\t\t\t<div class=\"elementor-button-wrapper\">\n\t\t\t\t\t<a class=\"elementor-button elementor-button-link elementor-size-sm elementor-animation-pulse\" href=\"https:\/\/www.fesc.edu.co\/micrositios\/negocios-virtual\/wp-content\/uploads\/sites\/20\/2025\/06\/marco_negocios_virtual.pdf\" target=\"_blank\">\n\t\t\t\t\t\t<span class=\"elementor-button-content-wrapper\">\n\t\t\t\t\t\t\t\t\t<span class=\"elementor-button-text\">Conozca el marco proped\u00e9utico<\/span>\n\t\t\t\t\t<\/span>\n\t\t\t\t\t<\/a>\n\t\t\t\t<\/div>\n\t\t\t\t\t\t\t\t<\/div>\n\t\t\t\t<\/div>\n\t\t\t\t\t<\/div>\n\t\t<\/div>\n\t\t\t\t\t<\/div>\n\t\t<\/section>\n\t\t\t\t<section class=\"elementor-section elementor-top-section elementor-element elementor-element-b725668 elementor-hidden-mobile elementor-section-boxed elementor-section-height-default elementor-section-height-default\" data-id=\"b725668\" data-element_type=\"section\" data-e-type=\"section\">\n\t\t\t\t\t\t<div class=\"elementor-container elementor-column-gap-default\">\n\t\t\t\t\t<div class=\"elementor-column elementor-col-100 elementor-top-column elementor-element elementor-element-9e78802\" data-id=\"9e78802\" data-element_type=\"column\" data-e-type=\"column\">\n\t\t\t<div class=\"elementor-widget-wrap elementor-element-populated\">\n\t\t\t\t\t\t<div class=\"elementor-element elementor-element-1c1b088 elementor-widget elementor-widget-image\" data-id=\"1c1b088\" data-element_type=\"widget\" data-e-type=\"widget\" data-widget_type=\"image.default\">\n\t\t\t\t<div class=\"elementor-widget-container\">\n\t\t\t\t\t\t\t\t\t\t\t\t\t\t\t\t<a href=\"https:\/\/www.fesc.edu.co\/micrositios\/negocios-virtual\/wp-content\/uploads\/sites\/20\/2026\/01\/PLAN-DE-ESTUDIO-FESC-ADMINISTRACION-DE-NEGOCIOS-INTERNACIONALES-VIRTUAL.jpg\" data-elementor-open-lightbox=\"yes\" data-elementor-lightbox-title=\"PLAN-DE-ESTUDIO-FESC-ADMINISTRACIO\u0301N-DE-NEGOCIOS-INTERNACIONALES-VIRTUAL\" data-e-action-hash=\"#elementor-action%3Aaction%3Dlightbox%26settings%3DeyJpZCI6MTMxNiwidXJsIjoiaHR0cHM6XC9cL3d3dy5mZXNjLmVkdS5jb1wvbWljcm9zaXRpb3NcL25lZ29jaW9zLXZpcnR1YWxcL3dwLWNvbnRlbnRcL3VwbG9hZHNcL3NpdGVzXC8yMFwvMjAyNlwvMDFcL1BMQU4tREUtRVNUVURJTy1GRVNDLUFETUlOSVNUUkFDSU9OLURFLU5FR09DSU9TLUlOVEVSTkFDSU9OQUxFUy1WSVJUVUFMLmpwZyJ9\">\n\t\t\t\t\t\t\t<img fetchpriority=\"high\" decoding=\"async\" width=\"1718\" height=\"1430\" src=\"https:\/\/www.fesc.edu.co\/micrositios\/negocios-virtual\/wp-content\/uploads\/sites\/20\/2026\/01\/PLAN-DE-ESTUDIO-FESC-ADMINISTRACION-DE-NEGOCIOS-INTERNACIONALES-VIRTUAL.jpg\" class=\"attachment-2048x2048 size-2048x2048 wp-image-1316\" alt=\"\" srcset=\"https:\/\/www.fesc.edu.co\/micrositios\/negocios-virtual\/wp-content\/uploads\/sites\/20\/2026\/01\/PLAN-DE-ESTUDIO-FESC-ADMINISTRACION-DE-NEGOCIOS-INTERNACIONALES-VIRTUAL.jpg 1718w, https:\/\/www.fesc.edu.co\/micrositios\/negocios-virtual\/wp-content\/uploads\/sites\/20\/2026\/01\/PLAN-DE-ESTUDIO-FESC-ADMINISTRACION-DE-NEGOCIOS-INTERNACIONALES-VIRTUAL-300x250.jpg 300w, https:\/\/www.fesc.edu.co\/micrositios\/negocios-virtual\/wp-content\/uploads\/sites\/20\/2026\/01\/PLAN-DE-ESTUDIO-FESC-ADMINISTRACION-DE-NEGOCIOS-INTERNACIONALES-VIRTUAL-1024x852.jpg 1024w, https:\/\/www.fesc.edu.co\/micrositios\/negocios-virtual\/wp-content\/uploads\/sites\/20\/2026\/01\/PLAN-DE-ESTUDIO-FESC-ADMINISTRACION-DE-NEGOCIOS-INTERNACIONALES-VIRTUAL-768x639.jpg 768w, https:\/\/www.fesc.edu.co\/micrositios\/negocios-virtual\/wp-content\/uploads\/sites\/20\/2026\/01\/PLAN-DE-ESTUDIO-FESC-ADMINISTRACION-DE-NEGOCIOS-INTERNACIONALES-VIRTUAL-1536x1279.jpg 1536w, https:\/\/www.fesc.edu.co\/micrositios\/negocios-virtual\/wp-content\/uploads\/sites\/20\/2026\/01\/PLAN-DE-ESTUDIO-FESC-ADMINISTRACION-DE-NEGOCIOS-INTERNACIONALES-VIRTUAL-1568x1305.jpg 1568w\" sizes=\"(max-width: 1718px) 100vw, 1718px\" style=\"width:100%;height:83.24%;max-width:1718px\" \/>\t\t\t\t\t\t\t\t<\/a>\n\t\t\t\t\t\t\t\t\t\t\t\t\t\t\t<\/div>\n\t\t\t\t<\/div>\n\t\t\t\t\t<\/div>\n\t\t<\/div>\n\t\t\t\t\t<\/div>\n\t\t<\/section>\n\t\t\t\t<section class=\"elementor-section elementor-top-section elementor-element elementor-element-14e24e9 elementor-hidden-desktop elementor-hidden-tablet elementor-section-boxed elementor-section-height-default elementor-section-height-default\" data-id=\"14e24e9\" data-element_type=\"section\" data-e-type=\"section\">\n\t\t\t\t\t\t<div class=\"elementor-container elementor-column-gap-default\">\n\t\t\t\t\t<div class=\"elementor-column elementor-col-100 elementor-top-column elementor-element elementor-element-8a39f68\" data-id=\"8a39f68\" data-element_type=\"column\" data-e-type=\"column\">\n\t\t\t<div class=\"elementor-widget-wrap elementor-element-populated\">\n\t\t\t\t\t\t<div class=\"elementor-element elementor-element-55d78c3 elementor-widget elementor-widget-text-editor\" data-id=\"55d78c3\" data-element_type=\"widget\" data-e-type=\"widget\" data-widget_type=\"text-editor.default\">\n\t\t\t\t<div class=\"elementor-widget-container\">\n\t\t\t\t\t\t\t\t\t<p><a href=\"https:\/\/www.fesc.edu.co\/micrositios\/negocios-virtual\/wp-content\/uploads\/sites\/20\/2025\/04\/PLAN-DE-ESTUDIO-FESC-Paguina07-Negocios-Paguina-7-2025.jpg\"><img decoding=\"async\" class=\"alignnone wp-image-1174 size-full\" src=\"https:\/\/www.fesc.edu.co\/micrositios\/negocios-virtual\/wp-content\/uploads\/sites\/20\/2025\/04\/PLAN-DE-ESTUDIO-FESC-Paguina07-Negocios-Paguina-7-2025.jpg\" alt=\"\" width=\"576\" height=\"792\" srcset=\"https:\/\/www.fesc.edu.co\/micrositios\/negocios-virtual\/wp-content\/uploads\/sites\/20\/2025\/04\/PLAN-DE-ESTUDIO-FESC-Paguina07-Negocios-Paguina-7-2025.jpg 576w, https:\/\/www.fesc.edu.co\/micrositios\/negocios-virtual\/wp-content\/uploads\/sites\/20\/2025\/04\/PLAN-DE-ESTUDIO-FESC-Paguina07-Negocios-Paguina-7-2025-218x300.jpg 218w\" sizes=\"(max-width: 576px) 100vw, 576px\" \/><\/a><\/p><p><a href=\"https:\/\/www.fesc.edu.co\/micrositios\/negocios-virtual\/wp-content\/uploads\/sites\/20\/2025\/04\/PLAN-DE-ESTUDIO-FESC-Paguina07-Negocios-Paguina-8-2025.jpg\"><img decoding=\"async\" class=\"alignnone wp-image-1175 size-full\" src=\"https:\/\/www.fesc.edu.co\/micrositios\/negocios-virtual\/wp-content\/uploads\/sites\/20\/2025\/04\/PLAN-DE-ESTUDIO-FESC-Paguina07-Negocios-Paguina-8-2025.jpg\" alt=\"\" width=\"576\" height=\"792\" srcset=\"https:\/\/www.fesc.edu.co\/micrositios\/negocios-virtual\/wp-content\/uploads\/sites\/20\/2025\/04\/PLAN-DE-ESTUDIO-FESC-Paguina07-Negocios-Paguina-8-2025.jpg 576w, https:\/\/www.fesc.edu.co\/micrositios\/negocios-virtual\/wp-content\/uploads\/sites\/20\/2025\/04\/PLAN-DE-ESTUDIO-FESC-Paguina07-Negocios-Paguina-8-2025-218x300.jpg 218w\" sizes=\"(max-width: 576px) 100vw, 576px\" \/><\/a><\/p><p><a href=\"https:\/\/www.fesc.edu.co\/micrositios\/negocios-virtual\/wp-content\/uploads\/sites\/20\/2025\/04\/PLAN-DE-ESTUDIO-FESC-Paguina07-Negocios-Paguina-9-2025.jpg\"><img loading=\"lazy\" decoding=\"async\" class=\"alignnone wp-image-1176 size-full\" src=\"https:\/\/www.fesc.edu.co\/micrositios\/negocios-virtual\/wp-content\/uploads\/sites\/20\/2025\/04\/PLAN-DE-ESTUDIO-FESC-Paguina07-Negocios-Paguina-9-2025.jpg\" alt=\"\" width=\"576\" height=\"792\" srcset=\"https:\/\/www.fesc.edu.co\/micrositios\/negocios-virtual\/wp-content\/uploads\/sites\/20\/2025\/04\/PLAN-DE-ESTUDIO-FESC-Paguina07-Negocios-Paguina-9-2025.jpg 576w, https:\/\/www.fesc.edu.co\/micrositios\/negocios-virtual\/wp-content\/uploads\/sites\/20\/2025\/04\/PLAN-DE-ESTUDIO-FESC-Paguina07-Negocios-Paguina-9-2025-218x300.jpg 218w\" sizes=\"(max-width: 576px) 100vw, 576px\" \/><\/a><\/p>\t\t\t\t\t\t\t\t<\/div>\n\t\t\t\t<\/div>\n\t\t\t\t\t<\/div>\n\t\t<\/div>\n\t\t\t\t\t<\/div>\n\t\t<\/section>\n\t\t\t\t<\/div>\n\t\t","protected":false},"excerpt":{"rendered":"<p>Programa Plan de estudios Docentes Novedades Contacto Programa Plan de estudios Docentes Novedades Contacto Nuestro Plan de Estudio por Ciclos Proped\u00e9uticos y Niveles de Formaci\u00f3n Conozca el marco proped\u00e9utico<\/p>\n","protected":false},"author":1,"featured_media":0,"parent":0,"menu_order":0,"comment_status":"closed","ping_status":"closed","template":"elementor_header_footer","meta":{"footnotes":""},"class_list":["post-63","page","type-page","status-publish","hentry","entry"],"_links":{"self":[{"href":"https:\/\/www.fesc.edu.co\/micrositios\/negocios-virtual\/wp-json\/wp\/v2\/pages\/63","targetHints":{"allow":["GET"]}}],"collection":[{"href":"https:\/\/www.fesc.edu.co\/micrositios\/negocios-virtual\/wp-json\/wp\/v2\/pages"}],"about":[{"href":"https:\/\/www.fesc.edu.co\/micrositios\/negocios-virtual\/wp-json\/wp\/v2\/types\/page"}],"author":[{"embeddable":true,"href":"https:\/\/www.fesc.edu.co\/micrositios\/negocios-virtual\/wp-json\/wp\/v2\/users\/1"}],"replies":[{"embeddable":true,"href":"https:\/\/www.fesc.edu.co\/micrositios\/negocios-virtual\/wp-json\/wp\/v2\/comments?post=63"}],"version-history":[{"count":66,"href":"https:\/\/www.fesc.edu.co\/micrositios\/negocios-virtual\/wp-json\/wp\/v2\/pages\/63\/revisions"}],"predecessor-version":[{"id":1319,"href":"https:\/\/www.fesc.edu.co\/micrositios\/negocios-virtual\/wp-json\/wp\/v2\/pages\/63\/revisions\/1319"}],"wp:attachment":[{"href":"https:\/\/www.fesc.edu.co\/micrositios\/negocios-virtual\/wp-json\/wp\/v2\/media?parent=63"}],"curies":[{"name":"wp","href":"https:\/\/api.w.org\/{rel}","templated":true}]}}