{"id":133,"date":"2025-07-16T23:14:25","date_gmt":"2025-07-16T21:14:25","guid":{"rendered":"https:\/\/www.fesc.edu.co\/micrositios\/ocana\/?page_id=133"},"modified":"2026-03-25T16:25:41","modified_gmt":"2026-03-25T15:25:41","slug":"quienes-somos","status":"publish","type":"page","link":"https:\/\/www.fesc.edu.co\/micrositios\/ocana\/","title":{"rendered":"Qui\u00e9nes Somos"},"content":{"rendered":"\t\t<div data-elementor-type=\"wp-page\" data-elementor-id=\"133\" class=\"elementor elementor-133\" data-elementor-post-type=\"page\">\n\t\t\t\t<div class=\"elementor-element elementor-element-6aa5026 e-con-full e-flex e-con e-parent\" data-id=\"6aa5026\" data-element_type=\"container\" data-e-type=\"container\">\n\t\t\t\t<div class=\"elementor-element elementor-element-9feb0aa elementor-arrows-position-inside elementor-pagination-position-outside elementor-widget elementor-widget-image-carousel\" data-id=\"9feb0aa\" data-element_type=\"widget\" data-e-type=\"widget\" data-settings=\"{&quot;slides_to_show&quot;:&quot;1&quot;,&quot;navigation&quot;:&quot;both&quot;,&quot;autoplay&quot;:&quot;yes&quot;,&quot;pause_on_hover&quot;:&quot;yes&quot;,&quot;pause_on_interaction&quot;:&quot;yes&quot;,&quot;autoplay_speed&quot;:5000,&quot;infinite&quot;:&quot;yes&quot;,&quot;effect&quot;:&quot;slide&quot;,&quot;speed&quot;:500}\" data-widget_type=\"image-carousel.default\">\n\t\t\t\t\t\t\t<div class=\"elementor-image-carousel-wrapper swiper\" role=\"region\" aria-roledescription=\"carousel\" aria-label=\"Carrusel de im\u00e1genes\" dir=\"ltr\">\n\t\t\t<div class=\"elementor-image-carousel swiper-wrapper swiper-image-stretch\" aria-live=\"off\">\n\t\t\t\t\t\t\t\t<div class=\"swiper-slide\" role=\"group\" aria-roledescription=\"slide\" aria-label=\"1 de 1\"><figure class=\"swiper-slide-inner\"><img decoding=\"async\" class=\"swiper-slide-image\" src=\"https:\/\/www.fesc.edu.co\/micrositios\/ocana\/wp-content\/uploads\/sites\/26\/2026\/03\/banner-generales-04-scaled.jpg\" alt=\"banner generales-04\" \/><\/figure><\/div>\t\t\t<\/div>\n\t\t\t\t\t<\/div>\n\t\t\t\t\t\t<\/div>\n\t\t\t\t<\/div>\n\t\t<div class=\"elementor-element elementor-element-8ff3fad e-flex e-con-boxed e-con e-parent\" data-id=\"8ff3fad\" data-element_type=\"container\" data-e-type=\"container\">\n\t\t\t\t\t<div class=\"e-con-inner\">\n\t\t\t\t<div class=\"elementor-element elementor-element-64598b5 elementor-widget elementor-widget-html\" data-id=\"64598b5\" data-element_type=\"widget\" data-e-type=\"widget\" data-widget_type=\"html.default\">\n\t\t\t\t\t<div class=\"controlMenu\">\n    <a href=\"https:\/\/www.fesc.edu.co\/micrositios\/ocana\"><div class=\"bm-default active\">Qui\u00e9nes Somos<\/div><\/a>\n    \n    \n    <a href=\"https:\/\/www.fesc.edu.co\/micrositios\/ocana\/oferta-academica\/\"><div class=\"bm-default\">Oferta Acad\u00e9mica<\/div><\/a>\n    \n    <a href=\"https:\/\/www.fesc.edu.co\/micrositios\/ocana\/nuestros-servicios\/\"><div class=\"bm-default\">Nuestros Servicios<\/div><\/a>\n    \n    <a href=\"https:\/\/www.fesc.edu.co\/micrositios\/ocana\/novedades\/\"><div class=\"bm-default\">Novedades<\/div><\/a>\n    \n<\/div>\t\t\t\t<\/div>\n\t\t\t\t\t<\/div>\n\t\t\t\t<\/div>\n\t\t<div class=\"elementor-element elementor-element-cfe1e58 e-flex e-con-boxed e-con e-parent\" data-id=\"cfe1e58\" data-element_type=\"container\" data-e-type=\"container\">\n\t\t\t\t\t<div class=\"e-con-inner\">\n\t\t\t\t\t<\/div>\n\t\t\t\t<\/div>\n\t\t<div class=\"elementor-element elementor-element-badc344 e-flex e-con-boxed e-con e-parent\" data-id=\"badc344\" data-element_type=\"container\" data-e-type=\"container\">\n\t\t\t\t\t<div class=\"e-con-inner\">\n\t\t\t\t<div class=\"elementor-element elementor-element-5862ab0 elementor-widget elementor-widget-image\" data-id=\"5862ab0\" data-element_type=\"widget\" data-e-type=\"widget\" data-widget_type=\"image.default\">\n\t\t\t\t\t\t\t\t\t\t\t\t\t\t\t<img fetchpriority=\"high\" decoding=\"async\" width=\"750\" height=\"150\" src=\"https:\/\/www.fesc.edu.co\/micrositios\/ocana\/wp-content\/uploads\/sites\/26\/2025\/07\/formamos-prof.png\" class=\"attachment-large size-large wp-image-1373\" alt=\"\" srcset=\"https:\/\/www.fesc.edu.co\/micrositios\/ocana\/wp-content\/uploads\/sites\/26\/2025\/07\/formamos-prof.png 999w, https:\/\/www.fesc.edu.co\/micrositios\/ocana\/wp-content\/uploads\/sites\/26\/2025\/07\/formamos-prof-300x60.png 300w, https:\/\/www.fesc.edu.co\/micrositios\/ocana\/wp-content\/uploads\/sites\/26\/2025\/07\/formamos-prof-768x154.png 768w\" sizes=\"(max-width: 750px) 100vw, 750px\" style=\"width:100%;height:20.02%;max-width:999px\" \/>\t\t\t\t\t\t\t\t\t\t\t\t\t\t\t<\/div>\n\t\t\t\t\t<\/div>\n\t\t\t\t<\/div>\n\t\t<div class=\"elementor-element elementor-element-15dcd53 e-con-full e-flex e-con e-parent\" data-id=\"15dcd53\" data-element_type=\"container\" data-e-type=\"container\" data-settings=\"{&quot;background_background&quot;:&quot;classic&quot;}\">\n\t\t<div class=\"elementor-element elementor-element-4767a58 e-flex e-con-boxed e-con e-child\" data-id=\"4767a58\" data-element_type=\"container\" data-e-type=\"container\">\n\t\t\t\t\t<div class=\"e-con-inner\">\n\t\t<div class=\"elementor-element elementor-element-5cd8e07 e-con-full e-flex e-con e-child\" data-id=\"5cd8e07\" data-element_type=\"container\" data-e-type=\"container\">\n\t\t<div class=\"elementor-element elementor-element-4afed2b e-con-full e-flex e-con e-child\" data-id=\"4afed2b\" data-element_type=\"container\" data-e-type=\"container\">\n\t\t\t\t<\/div>\n\t\t<div class=\"elementor-element elementor-element-4a00535 e-con-full e-flex e-con e-child\" data-id=\"4a00535\" data-element_type=\"container\" data-e-type=\"container\">\n\t\t\t\t<div class=\"elementor-element elementor-element-97addf5 elementor-widget elementor-widget-video\" data-id=\"97addf5\" data-element_type=\"widget\" data-e-type=\"widget\" data-settings=\"{&quot;youtube_url&quot;:&quot;https:\\\/\\\/www.youtube.com\\\/watch?v=7pC_k2j2sIc&quot;,&quot;video_type&quot;:&quot;youtube&quot;,&quot;controls&quot;:&quot;yes&quot;}\" data-widget_type=\"video.default\">\n\t\t\t\t\t\t\t<div class=\"elementor-wrapper elementor-open-inline\">\n\t\t\t<div class=\"elementor-video\"><\/div>\t\t<\/div>\n\t\t\t\t\t\t<\/div>\n\t\t\t\t<\/div>\n\t\t<div class=\"elementor-element elementor-element-8788390 e-con-full e-flex e-con e-child\" data-id=\"8788390\" data-element_type=\"container\" data-e-type=\"container\">\n\t\t\t\t<\/div>\n\t\t\t\t<\/div>\n\t\t<div class=\"elementor-element elementor-element-b23f81b e-con-full e-flex e-con e-child\" data-id=\"b23f81b\" data-element_type=\"container\" data-e-type=\"container\">\n\t\t\t\t<div class=\"elementor-element elementor-element-706f9c5 elementor-widget elementor-widget-text-editor\" data-id=\"706f9c5\" data-element_type=\"widget\" data-e-type=\"widget\" data-widget_type=\"text-editor.default\">\n\t\t\t\t\t\t\t\t\t<div class=\"textFormatos\">\n<div>La FESC nace en la provincia de Oca\u00f1a a mediados del a\u00f1o 2010, para responder a las\nnecesidades de una comunidad estudiantil en constante crecimiento, ofertando programas como Dise\u00f1o Gr\u00e1fico (presencial), Administraci\u00f3n Financiera (Presencial y distancia) y\nAdministraci\u00f3n de Negocios Internacionales (presencial).<\/div>\n<div>En la actualidad, la instituci\u00f3n oferta adem\u00e1s programas 100% virtuales como\nAdministraci\u00f3n en Log\u00edstica Internacional, Administraci\u00f3n de Negocios Internacionales y\nAdministraci\u00f3n Tur\u00edstica y Hotelera, dando la oportunidad a cientos de j\u00f3venes de la regi\u00f3n,\nde acceder a la educaci\u00f3n superior sin restricci\u00f3n de espacio ni horarios.<\/div>\n<div>La FESC Oca\u00f1a ha generado un impacto positivo en la econom\u00eda local, promoviendo el\nempleo y posicionando de la regi\u00f3n como un nodo acad\u00e9mico relevante en el\ndepartamento. Asimismo, en el 2025, se dio apertura al nuevo edificio llamado \u201cLaboratorio\nde Ideas\u201d, una ampliaci\u00f3n de infraestructura que permitir\u00e1 a la instituci\u00f3n seguir\nfortaleciendo su oferta educativa, promoviendo la innovaci\u00f3n, la inclusi\u00f3n y el desarrollo\nsostenible.<\/div>\n<div>Noticia Relacionada: <a href=\"https:\/\/www.fesc.edu.co\/portal\/comunicados\/1336-fesc-inaugura-nuevo-edificio-en-su-sede-de-ocana-fortaleciendo-la-educacion-superior-en-la-region\" target=\"_blank\"><span>FESC Inaugura Nuevo Edificio en su Sede De Oca\u00f1a, Fortaleciendo la\nEducaci\u00f3n Superior en la Regi\u00f3n<\/span><\/a><\/div>\n<div>Con m\u00e1s de 13 a\u00f1os formando profesionales l\u00edderes en la Provincia de Oca\u00f1a, la FESC ha\ndejado una huella imborrable en la historia de la regi\u00f3n, ratificando su compromiso con el\ndesarrollo del nororiente colombiano.<\/div>\n<\/div>\t\t\t\t\t\t\t\t<\/div>\n\t\t\t\t<\/div>\n\t\t\t\t\t<\/div>\n\t\t\t\t<\/div>\n\t\t\t\t<\/div>\n\t\t<div class=\"elementor-element elementor-element-e9360ae e-flex e-con-boxed e-con e-parent\" data-id=\"e9360ae\" data-element_type=\"container\" data-e-type=\"container\">\n\t\t\t\t\t<div class=\"e-con-inner\">\n\t\t\t\t<div class=\"elementor-element elementor-element-c9488c8 elementor-widget elementor-widget-image\" data-id=\"c9488c8\" data-element_type=\"widget\" data-e-type=\"widget\" data-widget_type=\"image.default\">\n\t\t\t\t\t\t\t\t\t\t\t\t\t\t\t<img decoding=\"async\" width=\"750\" height=\"75\" src=\"https:\/\/www.fesc.edu.co\/micrositios\/ocana\/wp-content\/uploads\/sites\/26\/2025\/07\/formacion-ciclos.png\" class=\"attachment-large size-large wp-image-1374\" alt=\"\" srcset=\"https:\/\/www.fesc.edu.co\/micrositios\/ocana\/wp-content\/uploads\/sites\/26\/2025\/07\/formacion-ciclos.png 999w, https:\/\/www.fesc.edu.co\/micrositios\/ocana\/wp-content\/uploads\/sites\/26\/2025\/07\/formacion-ciclos-300x30.png 300w, https:\/\/www.fesc.edu.co\/micrositios\/ocana\/wp-content\/uploads\/sites\/26\/2025\/07\/formacion-ciclos-768x77.png 768w\" sizes=\"(max-width: 750px) 100vw, 750px\" style=\"width:100%;height:10.01%;max-width:999px\" \/>\t\t\t\t\t\t\t\t\t\t\t\t\t\t\t<\/div>\n\t\t\t\t\t<\/div>\n\t\t\t\t<\/div>\n\t\t<div class=\"elementor-element elementor-element-a9e664a e-flex e-con-boxed e-con e-parent\" data-id=\"a9e664a\" data-element_type=\"container\" data-e-type=\"container\">\n\t\t\t\t\t<div class=\"e-con-inner\">\n\t\t<div class=\"elementor-element elementor-element-2eeb1ed e-con-full e-flex e-con e-child\" data-id=\"2eeb1ed\" data-element_type=\"container\" data-e-type=\"container\">\n\t\t\t\t<div class=\"elementor-element elementor-element-237c3e3 elementor-widget elementor-widget-text-editor\" data-id=\"237c3e3\" data-element_type=\"widget\" data-e-type=\"widget\" data-widget_type=\"text-editor.default\">\n\t\t\t\t\t\t\t\t\t<p>\u201cLos ciclos son unidades interdependientes, complementarias y secuenciales; mientras que el componente proped\u00e9utico hace referencia al proceso por el cual se prepara a una persona para continuar en el proceso de formaci\u00f3n a lo largo de la vida, en nuestro caso particular, en los ciclos que integran el pregrado. En consecuencia, un ciclo proped\u00e9utico se puede definir como una fase de la educaci\u00f3n que le permite al estudiante desarrollarse en su formaci\u00f3n profesional siguiendo sus intereses y capacidades.<\/p><p>\u00a0<\/p><p>\u00a0<\/p><p>Los ciclos proped\u00e9uticos en la formaci\u00f3n de pregrado organizan la Educaci\u00f3n Superior en tres etapas: flexibles, secuenciales y complementarias. Esto se refiere a que el estudiante puede iniciar sus Aspirante estudios de pregrado con un programa t\u00e9cnico profesional (2 \u00f3 3 a\u00f1os) y transitar hacia la formaci\u00f3n tecnol\u00f3gica (3 a\u00f1os), Apoyo Financiero para luego alcanzar el nivel profesional universitario (5 a\u00f1os).<\/p><p>Ministerio de Educaci\u00f3n Nacional\u00a0 Disponible en:<\/p><p><a class=\"min\" href=\"https:\/\/www.mineducacion.gov.co\/1621\/article-196476.html\" target=\"_blank\" rel=\"noopener\">MinEducaci\u00f3n<\/a><\/p>\t\t\t\t\t\t\t\t<\/div>\n\t\t\t\t<\/div>\n\t\t<div class=\"elementor-element elementor-element-cd53135 e-con-full e-flex e-con e-child\" data-id=\"cd53135\" data-element_type=\"container\" data-e-type=\"container\">\n\t\t\t\t<div class=\"elementor-element elementor-element-0c3aa8b elementor-widget elementor-widget-image\" data-id=\"0c3aa8b\" data-element_type=\"widget\" data-e-type=\"widget\" data-widget_type=\"image.default\">\n\t\t\t\t\t\t\t\t\t\t\t\t\t\t\t<img decoding=\"async\" width=\"500\" height=\"452\" src=\"https:\/\/www.fesc.edu.co\/micrositios\/ocana\/wp-content\/uploads\/sites\/26\/2025\/07\/Foto-1.png\" class=\"attachment-large size-large wp-image-272\" alt=\"\" srcset=\"https:\/\/www.fesc.edu.co\/micrositios\/ocana\/wp-content\/uploads\/sites\/26\/2025\/07\/Foto-1.png 500w, https:\/\/www.fesc.edu.co\/micrositios\/ocana\/wp-content\/uploads\/sites\/26\/2025\/07\/Foto-1-300x271.png 300w\" sizes=\"(max-width: 500px) 100vw, 500px\" style=\"width:100%;height:90.4%;max-width:500px\" \/>\t\t\t\t\t\t\t\t\t\t\t\t\t\t\t<\/div>\n\t\t\t\t<div class=\"elementor-element elementor-element-3b688c3 imgw elementor-widget elementor-widget-image\" data-id=\"3b688c3\" data-element_type=\"widget\" data-e-type=\"widget\" data-widget_type=\"image.default\">\n\t\t\t\t\t\t\t\t\t\t\t\t\t\t\t\t<a href=\"https:\/\/www.fesc.edu.co\/portal\/index.php\/nuestra-academia\/admisiones\">\n\t\t\t\t\t\t\t<img loading=\"lazy\" decoding=\"async\" width=\"500\" height=\"74\" src=\"https:\/\/www.fesc.edu.co\/micrositios\/ocana\/wp-content\/uploads\/sites\/26\/2025\/07\/boton-aspirante.png\" class=\"attachment-large size-large wp-image-276\" alt=\"\" srcset=\"https:\/\/www.fesc.edu.co\/micrositios\/ocana\/wp-content\/uploads\/sites\/26\/2025\/07\/boton-aspirante.png 500w, https:\/\/www.fesc.edu.co\/micrositios\/ocana\/wp-content\/uploads\/sites\/26\/2025\/07\/boton-aspirante-300x44.png 300w\" sizes=\"(max-width: 500px) 100vw, 500px\" style=\"width:100%;height:14.8%;max-width:500px\" \/>\t\t\t\t\t\t\t\t<\/a>\n\t\t\t\t\t\t\t\t\t\t\t\t\t\t\t<\/div>\n\t\t\t\t<div class=\"elementor-element elementor-element-5ad550e imgw elementor-widget elementor-widget-image\" data-id=\"5ad550e\" data-element_type=\"widget\" data-e-type=\"widget\" data-widget_type=\"image.default\">\n\t\t\t\t\t\t\t\t\t\t\t\t\t\t\t\t<a href=\"https:\/\/www.fesc.edu.co\/portal\/index.php\/nuestra-academia\/apoyo-financiero\">\n\t\t\t\t\t\t\t<img loading=\"lazy\" decoding=\"async\" width=\"500\" height=\"74\" src=\"https:\/\/www.fesc.edu.co\/micrositios\/ocana\/wp-content\/uploads\/sites\/26\/2025\/07\/boton-apoyo-finaciero.png\" class=\"attachment-large size-large wp-image-275\" alt=\"\" srcset=\"https:\/\/www.fesc.edu.co\/micrositios\/ocana\/wp-content\/uploads\/sites\/26\/2025\/07\/boton-apoyo-finaciero.png 500w, https:\/\/www.fesc.edu.co\/micrositios\/ocana\/wp-content\/uploads\/sites\/26\/2025\/07\/boton-apoyo-finaciero-300x44.png 300w\" sizes=\"(max-width: 500px) 100vw, 500px\" style=\"width:100%;height:14.8%;max-width:500px\" \/>\t\t\t\t\t\t\t\t<\/a>\n\t\t\t\t\t\t\t\t\t\t\t\t\t\t\t<\/div>\n\t\t\t\t<div class=\"elementor-element elementor-element-0895441 imgw elementor-widget elementor-widget-image\" data-id=\"0895441\" data-element_type=\"widget\" data-e-type=\"widget\" data-widget_type=\"image.default\">\n\t\t\t\t\t\t\t\t\t\t\t\t\t\t\t\t<a href=\"https:\/\/www.fesc.edu.co\/portal\/archivos\/bienestar\/SEPA-SAMA\/sama_sepa.pdf\">\n\t\t\t\t\t\t\t<img loading=\"lazy\" decoding=\"async\" width=\"500\" height=\"74\" src=\"https:\/\/www.fesc.edu.co\/micrositios\/ocana\/wp-content\/uploads\/sites\/26\/2025\/07\/boton-apoyo-estudiante.png\" class=\"attachment-large size-large wp-image-274\" alt=\"\" srcset=\"https:\/\/www.fesc.edu.co\/micrositios\/ocana\/wp-content\/uploads\/sites\/26\/2025\/07\/boton-apoyo-estudiante.png 500w, https:\/\/www.fesc.edu.co\/micrositios\/ocana\/wp-content\/uploads\/sites\/26\/2025\/07\/boton-apoyo-estudiante-300x44.png 300w\" sizes=\"(max-width: 500px) 100vw, 500px\" style=\"width:100%;height:14.8%;max-width:500px\" \/>\t\t\t\t\t\t\t\t<\/a>\n\t\t\t\t\t\t\t\t\t\t\t\t\t\t\t<\/div>\n\t\t\t\t<\/div>\n\t\t\t\t\t<\/div>\n\t\t\t\t<\/div>\n\t\t<div class=\"elementor-element elementor-element-8fc50e1 e-flex e-con-boxed e-con e-parent\" data-id=\"8fc50e1\" data-element_type=\"container\" data-e-type=\"container\">\n\t\t\t\t\t<div class=\"e-con-inner\">\n\t\t\t\t\t<\/div>\n\t\t\t\t<\/div>\n\t\t<div class=\"elementor-element elementor-element-f2ac2b5 e-flex e-con-boxed e-con e-parent\" data-id=\"f2ac2b5\" data-element_type=\"container\" data-e-type=\"container\">\n\t\t\t\t\t<div class=\"e-con-inner\">\n\t\t\t\t<div class=\"elementor-element elementor-element-8cea211 elementor-align-center elementor-widget elementor-widget-button\" data-id=\"8cea211\" data-element_type=\"widget\" data-e-type=\"widget\" data-widget_type=\"button.default\">\n\t\t\t\t\t\t\t\t\t\t<a class=\"elementor-button elementor-button-link elementor-size-sm\" href=\"https:\/\/www.suplataforma.net\/preinscripcion.php\">\n\t\t\t\t\t\t<span class=\"elementor-button-content-wrapper\">\n\t\t\t\t\t\t\t\t\t<span class=\"elementor-button-text\">PRE-INSCR\u00cdBETE<\/span>\n\t\t\t\t\t<\/span>\n\t\t\t\t\t<\/a>\n\t\t\t\t\t\t\t\t<\/div>\n\t\t\t\t\t<\/div>\n\t\t\t\t<\/div>\n\t\t<div class=\"elementor-element elementor-element-0bc29ce e-flex e-con-boxed e-con e-parent\" data-id=\"0bc29ce\" data-element_type=\"container\" data-e-type=\"container\">\n\t\t\t\t\t<div class=\"e-con-inner\">\n\t\t\t\t\t<\/div>\n\t\t\t\t<\/div>\n\t\t<div class=\"elementor-element elementor-element-fc2bddd e-flex e-con-boxed e-con e-parent\" data-id=\"fc2bddd\" data-element_type=\"container\" data-e-type=\"container\">\n\t\t\t\t\t<div class=\"e-con-inner\">\n\t\t\t\t<div class=\"elementor-element elementor-element-eaadd57 elementor-widget elementor-widget-image\" data-id=\"eaadd57\" data-element_type=\"widget\" data-e-type=\"widget\" data-widget_type=\"image.default\">\n\t\t\t\t\t\t\t\t\t\t\t\t\t\t\t<img loading=\"lazy\" decoding=\"async\" width=\"963\" height=\"303\" src=\"https:\/\/www.fesc.edu.co\/micrositios\/ocana\/wp-content\/uploads\/sites\/26\/2025\/07\/bloque-nuevo.jpg\" class=\"attachment-1536x1536 size-1536x1536 wp-image-1375\" alt=\"\" srcset=\"https:\/\/www.fesc.edu.co\/micrositios\/ocana\/wp-content\/uploads\/sites\/26\/2025\/07\/bloque-nuevo.jpg 963w, https:\/\/www.fesc.edu.co\/micrositios\/ocana\/wp-content\/uploads\/sites\/26\/2025\/07\/bloque-nuevo-300x94.jpg 300w, https:\/\/www.fesc.edu.co\/micrositios\/ocana\/wp-content\/uploads\/sites\/26\/2025\/07\/bloque-nuevo-768x242.jpg 768w\" sizes=\"(max-width: 963px) 100vw, 963px\" style=\"width:100%;height:31.46%;max-width:963px\" \/>\t\t\t\t\t\t\t\t\t\t\t\t\t\t\t<\/div>\n\t\t\t\t\t<\/div>\n\t\t\t\t<\/div>\n\t\t\t\t<\/div>\n\t\t","protected":false},"excerpt":{"rendered":"<p>Qui\u00e9nes Somos Oferta Acad\u00e9mica Nuestros Servicios Novedades https:\/\/www.youtube.com\/watch?v=7pC_k2j2sIc La FESC nace en la provincia de Oca\u00f1a a mediados del a\u00f1o 2010, para responder a las necesidades de una comunidad estudiantil en constante crecimiento, ofertando programas como Dise\u00f1o Gr\u00e1fico (presencial), Administraci\u00f3n Financiera (Presencial y distancia) y Administraci\u00f3n de Negocios Internacionales (presencial). En la actualidad, la instituci\u00f3n&hellip; <a class=\"more-link\" href=\"https:\/\/www.fesc.edu.co\/micrositios\/ocana\/\">Seguir leyendo <span class=\"screen-reader-text\">Qui\u00e9nes Somos<\/span><\/a><\/p>\n","protected":false},"author":1,"featured_media":0,"parent":0,"menu_order":0,"comment_status":"closed","ping_status":"closed","template":"elementor_header_footer","meta":{"footnotes":""},"class_list":["post-133","page","type-page","status-publish","hentry","entry"],"_links":{"self":[{"href":"https:\/\/www.fesc.edu.co\/micrositios\/ocana\/wp-json\/wp\/v2\/pages\/133","targetHints":{"allow":["GET"]}}],"collection":[{"href":"https:\/\/www.fesc.edu.co\/micrositios\/ocana\/wp-json\/wp\/v2\/pages"}],"about":[{"href":"https:\/\/www.fesc.edu.co\/micrositios\/ocana\/wp-json\/wp\/v2\/types\/page"}],"author":[{"embeddable":true,"href":"https:\/\/www.fesc.edu.co\/micrositios\/ocana\/wp-json\/wp\/v2\/users\/1"}],"replies":[{"embeddable":true,"href":"https:\/\/www.fesc.edu.co\/micrositios\/ocana\/wp-json\/wp\/v2\/comments?post=133"}],"version-history":[{"count":181,"href":"https:\/\/www.fesc.edu.co\/micrositios\/ocana\/wp-json\/wp\/v2\/pages\/133\/revisions"}],"predecessor-version":[{"id":1568,"href":"https:\/\/www.fesc.edu.co\/micrositios\/ocana\/wp-json\/wp\/v2\/pages\/133\/revisions\/1568"}],"wp:attachment":[{"href":"https:\/\/www.fesc.edu.co\/micrositios\/ocana\/wp-json\/wp\/v2\/media?parent=133"}],"curies":[{"name":"wp","href":"https:\/\/api.w.org\/{rel}","templated":true}]}}